{"id":1103983,"date":"2025-04-16T14:46:32","date_gmt":"2025-04-16T14:46:32","guid":{"rendered":"https:\/\/hairvisual.fr\/terms-of-use\/"},"modified":"2025-08-29T13:41:36","modified_gmt":"2025-08-29T13:41:36","slug":"terms-of-use","status":"publish","type":"page","link":"https:\/\/hairvisual.fr\/en\/terms-of-use\/","title":{"rendered":"Terms of use"},"content":{"rendered":"\n<h2 class=\"nm-block-heading wp-block-heading\">Hairvisual<\/h2>\n\n<p>Registre du Commerce: R.C.S. ANGERS 479 303 786 <br\/>SIRET: 47930378600038 <br\/>Code APE : 4791B <br\/>Directeur : Gilles Pennec <br\/>Adresse fiscale : 8 rue Paul Lorin &#8211; 49000 ANGERS &#8211; France <br\/>Standard : 02 41 87 31 00 <br\/>Mobile: 06 25 35 12 55 <br\/>Fax: 09 57 77 37 40 <br\/>E-mail: <a href=\"https:\/\/web.archive.org\/web\/20250123000224\/mailto:hairvisual@hairvisual.net\">hairvisual@hairvisual.net<\/a><\/p>\n\n<h2 class=\"nm-block-heading wp-block-heading\">Concept and production<\/h2>\n\n<p>Creator: <a href=\"https:\/\/ddpagency.com\/\" data-type=\"link\" data-id=\"https:\/\/ddpagency.com\/\" target=\"_blank\" rel=\"noopener\">DDP Agency<\/a><br\/>Webmaster: DDP Agency &#8211; hello@ddpagency.com <br\/>Host: Soci\u00e9t\u00e9 Hostinger International Ltd. &#8211; 61 Lordou Vironos Street 6023 Larnaca, Cyprus <\/p>\n\n<h2 class=\"nm-block-heading wp-block-heading\">Copyright and notes on the use of images and text<\/h2>\n\n<p>All photos and texts on the <a href=\"https:\/\/web.archive.org\/web\/20250123000224\/https:\/\/www.hairvisual.fr\/\">www.hairvisual.fr<\/a> website are the intellectual property of HAIRVISUAL and are protected by French and international copyright laws! This means that any reproduction, publication or web use, even partial, of texts or photos, is forbidden without prior written authorization from the author and acquisition of a license.   <\/p>\n\n<p>In the event of infringement, our DAS Legal Protection<a href=\"https:\/\/web.archive.org\/web\/20250123000224\/http:\/\/www.ladas.fr\/\">(www.ladas.fr)<\/a> will be responsible for recovering our copyrights and the compensation due according to the damage.<\/p>\n","protected":false},"excerpt":{"rendered":"<p>Hairvisual Registre du Commerce: R.C.S. ANGERS 479 303 786 SIRET: 47930378600038 Code APE : 4791B Directeur : Gilles Pennec Adresse fiscale : 8 rue Paul Lorin &#8211; 49000 ANGERS &#8211; France Standard : 02 41 87 31 00 Mobile: 06 25 35 12 55 Fax: 09 57 77 37 40 E-mail: hairvisual@hairvisual.net Concept and production &hellip;<\/p>\n","protected":false},"author":1,"featured_media":1102538,"parent":0,"menu_order":1000,"comment_status":"closed","ping_status":"closed","template":"","meta":{"_seopress_robots_primary_cat":"","_seopress_titles_title":"%%post_title%% %%sep%% %%sitetitle%%","_seopress_titles_desc":"Consultez les mentions l\u00e9gales du site HAIRVISUAL : \u00e9diteur, h\u00e9bergeur, propri\u00e9t\u00e9 intellectuelle et conditions d\u2019utilisation du contenu.","_seopress_robots_index":"","footnotes":""},"class_list":["post-1103983","page","type-page","status-publish","has-post-thumbnail"],"_links":{"self":[{"href":"https:\/\/hairvisual.fr\/en\/wp-json\/wp\/v2\/pages\/1103983","targetHints":{"allow":["GET"]}}],"collection":[{"href":"https:\/\/hairvisual.fr\/en\/wp-json\/wp\/v2\/pages"}],"about":[{"href":"https:\/\/hairvisual.fr\/en\/wp-json\/wp\/v2\/types\/page"}],"author":[{"embeddable":true,"href":"https:\/\/hairvisual.fr\/en\/wp-json\/wp\/v2\/users\/1"}],"replies":[{"embeddable":true,"href":"https:\/\/hairvisual.fr\/en\/wp-json\/wp\/v2\/comments?post=1103983"}],"version-history":[{"count":1,"href":"https:\/\/hairvisual.fr\/en\/wp-json\/wp\/v2\/pages\/1103983\/revisions"}],"predecessor-version":[{"id":1103984,"href":"https:\/\/hairvisual.fr\/en\/wp-json\/wp\/v2\/pages\/1103983\/revisions\/1103984"}],"wp:featuredmedia":[{"embeddable":true,"href":"https:\/\/hairvisual.fr\/en\/wp-json\/wp\/v2\/media\/1102538"}],"wp:attachment":[{"href":"https:\/\/hairvisual.fr\/en\/wp-json\/wp\/v2\/media?parent=1103983"}],"curies":[{"name":"wp","href":"https:\/\/api.w.org\/{rel}","templated":true}]}}