{"id":1104333,"date":"2025-07-26T14:21:47","date_gmt":"2025-07-26T14:21:47","guid":{"rendered":"https:\/\/hairvisual.fr\/produit\/ecobell-alopecia-calvitia-corrective-colored-mascara\/"},"modified":"2026-03-11T13:45:54","modified_gmt":"2026-03-11T13:45:54","slug":"ecobell-alopecia-calvitia-corrective-colored-mascara","status":"publish","type":"product","link":"https:\/\/hairvisual.fr\/en\/product\/ecobell-alopecia-calvitia-corrective-colored-mascara\/","title":{"rendered":"ECOBELL &#8211; Alopecia Calvitia Corrective Colored Mascara"},"content":{"rendered":"<h2>Ecobell Instant Hair Mascara &#8211; Men &amp; Women<\/h2>\n<p><span style=\"font-weight: 400;\">Corrective mascara for thinning hair colors the scalp to match your hair color. It coats and thickens fine, thin hair, making it appear fuller and fuller. It&#8217;s one of the most effective hair products for adding volume to your hair. <\/span><\/p>\n<p><span style=\"font-weight: 400;\">Ecobell capillary mascara is perfect for masking gray hair and roots while sheathing them.<\/span><\/p>\n<p><span style=\"font-weight: 400;\">Ecobell mascara is designed to mask female and male alopecia. It is suitable for all hair and skin types and colors. <\/span><\/p>\n<p><span style=\"font-weight: 400;\">The composition is adapted to respect the scalp, the hair mascara is easy to apply and doesn&#8217;t grease the roots.<\/span><\/p>\n<p><span style=\"font-weight: 400;\">Ecobell Topical Shader is a waterproof hair mascara, so it can be used underwater, in the pool or on the beach.<\/span><\/p>\n<p><span style=\"font-weight: 400;\">Available in 4 natural shades:<\/span><\/p>\n<p><img alt=\"\" fetchpriority=\"high\" decoding=\"async\" class=\" size-full wp-image-74729\" src=\"https:\/\/hairvisual.fr\/wp-content\/uploads\/2025\/05\/ecobell-topical-shader-25g-mascara-capillaire-resistant-a-leau1.jpg\" alt=\"\" width=\"501\" height=\"534\" \/><\/p>\n<p>The colors can be mixed to create an intermediate color that blends perfectly with your hair.<\/p>\n<p><span style=\"font-weight: 400;\">For best results, we always recommend choosing a darker shade: if your hair is dark brown or medium brown, choose Ecobell Topical Shader dark brown mascara \/ if your hair is light brown, choose Ecobell medium brown mascara \/ if your hair is blond, choose Ecobell light brown mascara. Hair mascara can&#8217;t lighten hair color, it can only darken it, thus masking gray roots. <\/span><\/p>\n<h2>Hair mascara: how do I use it?<\/h2>\n<p><span style=\"font-weight: 400;\">Hair mascara can be used in a number of ways, for both men and women: <\/span><\/p>\n<ul>\n<li style=\"font-weight: 400;\" aria-level=\"1\"><span style=\"font-weight: 400;\">Sheathing hair while coloring it. If volume is your goal, you can also turn to a <\/span><a href=\"https:\/\/www.hairvisual.fr\/boutique\/volumiz-spray-colorant-cheveux\/\"><span style=\"font-weight: 400;\">colored density spray<\/span><\/a><span style=\"font-weight: 400;\">.<\/span><\/li>\n<li style=\"font-weight: 400;\" aria-level=\"1\"><span style=\"font-weight: 400;\">Hide white hair and grey roots: especially those located on specific areas such as the temples.<\/span><\/li>\n<li style=\"font-weight: 400;\" aria-level=\"1\"><span style=\"font-weight: 400;\">Cover the roots between colorings: mascara can help you space out your colorings. Note, however, that mascara can only darken hair, not lighten it. <\/span><\/li>\n<li aria-level=\"1\"><a href=\"https:\/\/www.hairvisual.fr\/blog\/commen-cacher-un-trou-dans-les-cheveux\/\">Masking a hole in the hair<\/a><\/li>\n<li style=\"font-weight: 400;\" aria-level=\"1\"><span style=\"font-weight: 400;\">On a shaved head, mascara can be used to create a brow line (see video below).<\/span><\/li>\n<\/ul>\n<p><img alt=\"\" decoding=\"async\" class=\" size-full wp-image-74741\" src=\"https:\/\/hairvisual.fr\/wp-content\/uploads\/2025\/05\/eponge-triangulaire-professionnelle-de-maquillage-3.jpg\" alt=\"\" width=\"500\" height=\"147\" \/><\/p>\n<h2>Mascara application: Clean, dry hair<\/h2>\n<p><span style=\"font-weight: 400;\">To apply mascara, the scalp must be clean and dry. <\/span><\/p>\n<p><span style=\"font-weight: 400;\">Step 1: It&#8217;s very important to moisten the applicator or sponge sufficiently with warm water. Rub the foam applicator or sponge over the Ecobell Topical Shader mascara so that the applicator is impregnated with product. <\/span><\/p>\n<p><span style=\"font-weight: 400;\">Step 2: Apply mascara directly to the scalp in sparse areas, either by dabbing the applicator onto the scalp, or by gently rubbing the scalp. You can also use circular motions for even results. <\/span><\/p>\n<p><span style=\"font-weight: 400;\">Ecobell Topical Shader colors the scalp to match your hair color, masking thinning areas and gray roots. The hair mascara also covers fine hair thanks to thickening agents, providing immediate hair sheathing. Ecobell Topical Shader&#8217;s applicator gives you precision application to naturally perfect the hairline. <\/span><\/p>\n<p><span style=\"font-weight: 400;\">Step 3: When the area is colored, brush your hair. This distributes the thickening agents through fine hair and helps distribute the color evenly with your hair. <\/span><\/p>\n<p><span style=\"font-weight: 400;\">Step 4: Leave the formula to dry for a few minutes. If you&#8217;re blow-drying, use a low heat setting. If you&#8217;ve curled, permed or braided your hair and can&#8217;t brush normally, no problem. <\/span><\/p>\n<p><span style=\"font-weight: 400;\">Step 5: When the product is completely dry, brush your hair. The thickening agents will then cling to your hair, increasing its volume tenfold. Brushing your hair also removes excess mascara. You can easily remove any traces of product from the forehead with a damp wipe. <\/span><\/p>\n<p><span style=\"font-weight: 400;\">Your hair is now thicker, sheathed, and the gray roots colored. The product will be gone with your next shampoo. <\/span><\/p>\n<p><span style=\"font-weight: 400;\">Ecobell Topical Shader hair mascara has the advantage of being easy to use.<\/span><\/p>\n<h2>Ecobell hair mascara application results<\/h2>\n<h2><span style=\"font-weight: 400; font-size: 16px;\">Before and after application of hair mascara :<\/span><\/h2>\n<p><img alt=\"\" decoding=\"async\" class=\" size-full wp-image-74747\" src=\"https:\/\/hairvisual.fr\/wp-content\/uploads\/2025\/05\/avant-apres-hairvisual.jpg\" alt=\"\" width=\"497\" height=\"301\" \/><\/p>\n<p>Creation of a hairline on a shaved head (user video):<\/p>\n<div class=\"nm-wp-video-wrap nm-wp-video-wrap-youtube\"><iframe title=\"Hairvisual - Cr\u00e9er une ligne frontale sur cr\u00e2ne ras\u00e9 avec le maquillage capillaire color\u00e9 Ecobell\" width=\"1220\" height=\"686\" src=\"https:\/\/www.youtube.com\/embed\/DIdDdtP6srw?feature=oembed\" frameborder=\"0\" allow=\"accelerometer; autoplay; clipboard-write; encrypted-media; gyroscope; picture-in-picture; web-share\" referrerpolicy=\"strict-origin-when-cross-origin\" allowfullscreen><\/iframe><\/div>\n<p>&nbsp;<\/p>\n","protected":false},"excerpt":{"rendered":"<p>Discover Ecobell&#8217;s colored mascara for hair. Ecobell Topical Shader waterproof hair mascara helps mask a lack of hair as well as gray roots.<\/p>\n","protected":false},"featured_media":1102807,"comment_status":"closed","ping_status":"closed","template":"","meta":{"_seopress_robots_primary_cat":"none","_seopress_titles_title":"","_seopress_titles_desc":"","_seopress_robots_index":""},"product_brand":[],"product_cat":[379],"product_tag":[380],"class_list":{"0":"post-1104333","1":"product","2":"type-product","3":"status-publish","4":"has-post-thumbnail","6":"product_cat-hair-mascara","7":"product_tag-news","9":"first","10":"instock","11":"taxable","12":"shipping-taxable","13":"purchasable","14":"product-type-variable"},"_links":{"self":[{"href":"https:\/\/hairvisual.fr\/en\/wp-json\/wp\/v2\/product\/1104333","targetHints":{"allow":["GET"]}}],"collection":[{"href":"https:\/\/hairvisual.fr\/en\/wp-json\/wp\/v2\/product"}],"about":[{"href":"https:\/\/hairvisual.fr\/en\/wp-json\/wp\/v2\/types\/product"}],"replies":[{"embeddable":true,"href":"https:\/\/hairvisual.fr\/en\/wp-json\/wp\/v2\/comments?post=1104333"}],"wp:featuredmedia":[{"embeddable":true,"href":"https:\/\/hairvisual.fr\/en\/wp-json\/wp\/v2\/media\/1102807"}],"wp:attachment":[{"href":"https:\/\/hairvisual.fr\/en\/wp-json\/wp\/v2\/media?parent=1104333"}],"wp:term":[{"taxonomy":"product_brand","embeddable":true,"href":"https:\/\/hairvisual.fr\/en\/wp-json\/wp\/v2\/product_brand?post=1104333"},{"taxonomy":"product_cat","embeddable":true,"href":"https:\/\/hairvisual.fr\/en\/wp-json\/wp\/v2\/product_cat?post=1104333"},{"taxonomy":"product_tag","embeddable":true,"href":"https:\/\/hairvisual.fr\/en\/wp-json\/wp\/v2\/product_tag?post=1104333"}],"curies":[{"name":"wp","href":"https:\/\/api.w.org\/{rel}","templated":true}]}}