{"id":1104361,"date":"2025-07-28T14:06:59","date_gmt":"2025-07-28T14:06:59","guid":{"rendered":"https:\/\/hairvisual.fr\/produit\/ecobell-densifying-powder-spray-2\/"},"modified":"2026-04-05T08:34:11","modified_gmt":"2026-04-05T08:34:11","slug":"ecobell-densifying-powder-spray-2","status":"publish","type":"product","link":"https:\/\/hairvisual.fr\/en\/product\/ecobell-densifying-powder-spray-2\/","title":{"rendered":"ECOBELL &#8211; Densifying Powder Spray"},"content":{"rendered":"<p><span style=\"font-family: georgia, palatino, serif;\">The Spray Applicator dramatically improves the results you achieve with <a href=\"https:\/\/www.hairvisual.fr\/boutique\/ecobell-poudre-densifiante-naturelle-sans-ingredients-dorigine-animale\/\">hair powder<\/a> from the very first application. This precision instrument sprays hair fibers more safely, evenly and economically. Using this system, you can even achieve a fuller, more natural look as the fibers disperse more evenly and precisely throughout your hair. This system also saves you hair powder, as you need to use much less than before. <\/span><\/p>\n<p><span style=\"font-family: georgia, palatino, serif;\">How to use the Applicator spray?<\/span><\/p>\n<ol>\n<li><span style=\"font-family: georgia, palatino, serif;\">Take the Ecobell or K-Max bottle and unscrew the cap. Remove the sieve from the bottle by gently twisting and lifting. Screw the Spray Applicator onto the bottle. <\/span><\/li>\n<li><span style=\"font-family: georgia, palatino, serif;\">Squeezing the ball disperses the keratin fibers evenly throughout your hair.<\/span><\/li>\n<li><span style=\"font-family: georgia, palatino, serif;\">To thicken specific areas, insert the nozzle into your hair and spray lightly.<\/span><\/li>\n<\/ol>\n<p><span style=\"font-family: georgia, palatino, serif;\">NB: The Applicator spray is sold on its own, without the bottle of hair powder. This applicator spray is not suitable for the Hair Plus bottle.<\/span><\/p>\n<p><iframe title=\"Cheveux clairsem\u00e9s? Le KIT KERATINE HAIRVISUAL donne de la densit\u00e9 instantan\u00e9ment - Vu sur BFMTV\" width=\"1220\" height=\"686\" src=\"https:\/\/www.youtube.com\/embed\/jgx3_H980h8?feature=oembed\" frameborder=\"0\" allow=\"accelerometer; autoplay; clipboard-write; encrypted-media; gyroscope; picture-in-picture; web-share\" referrerpolicy=\"strict-origin-when-cross-origin\" allowfullscreen><\/iframe><\/p>\n","protected":false},"excerpt":{"rendered":"<p>The Spray Applicator sprays Ecobell Densifying Hair Powder, making it easy to apply to thicken your hair.<\/p>\n","protected":false},"featured_media":1102645,"comment_status":"open","ping_status":"closed","template":"","meta":{"_seopress_robots_primary_cat":"none","_seopress_titles_title":"","_seopress_titles_desc":"","_seopress_robots_index":""},"product_brand":[],"product_cat":[353],"product_tag":[],"class_list":{"0":"post-1104361","1":"product","2":"type-product","3":"status-publish","4":"has-post-thumbnail","6":"product_cat-accessories","8":"first","9":"instock","10":"taxable","11":"shipping-taxable","12":"purchasable","13":"product-type-simple"},"_links":{"self":[{"href":"https:\/\/hairvisual.fr\/en\/wp-json\/wp\/v2\/product\/1104361","targetHints":{"allow":["GET"]}}],"collection":[{"href":"https:\/\/hairvisual.fr\/en\/wp-json\/wp\/v2\/product"}],"about":[{"href":"https:\/\/hairvisual.fr\/en\/wp-json\/wp\/v2\/types\/product"}],"replies":[{"embeddable":true,"href":"https:\/\/hairvisual.fr\/en\/wp-json\/wp\/v2\/comments?post=1104361"}],"wp:featuredmedia":[{"embeddable":true,"href":"https:\/\/hairvisual.fr\/en\/wp-json\/wp\/v2\/media\/1102645"}],"wp:attachment":[{"href":"https:\/\/hairvisual.fr\/en\/wp-json\/wp\/v2\/media?parent=1104361"}],"wp:term":[{"taxonomy":"product_brand","embeddable":true,"href":"https:\/\/hairvisual.fr\/en\/wp-json\/wp\/v2\/product_brand?post=1104361"},{"taxonomy":"product_cat","embeddable":true,"href":"https:\/\/hairvisual.fr\/en\/wp-json\/wp\/v2\/product_cat?post=1104361"},{"taxonomy":"product_tag","embeddable":true,"href":"https:\/\/hairvisual.fr\/en\/wp-json\/wp\/v2\/product_tag?post=1104361"}],"curies":[{"name":"wp","href":"https:\/\/api.w.org\/{rel}","templated":true}]}}