{"id":1103900,"date":"2025-04-16T15:09:09","date_gmt":"2025-04-16T15:09:09","guid":{"rendered":"https:\/\/hairvisual.fr\/condiciones-de-uso\/"},"modified":"2025-08-14T08:54:17","modified_gmt":"2025-08-14T08:54:17","slug":"condiciones-de-uso","status":"publish","type":"page","link":"https:\/\/hairvisual.fr\/es\/condiciones-de-uso\/","title":{"rendered":"Condiciones de uso"},"content":{"rendered":"\n<p>El uso del sitio web <a href=\"https:\/\/web.archive.org\/web\/20250227062819\/https:\/\/www.hairvisual.fr\/\" target=\"_blank\" rel=\"noopener\">https:\/\/www.hairvisual.fr<\/a> implica la plena aceptaci\u00f3n de las condiciones generales de uso que se describen a continuaci\u00f3n. Estas condiciones de uso pueden ser modificadas o completadas en cualquier momento, por lo que se aconseja a los usuarios del sitio web <a href=\"https:\/\/web.archive.org\/web\/20250227062819\/https:\/\/www.hairvisual.fr\/\" target=\"_blank\" rel=\"noopener\">https:\/\/www.hairvisual.fr<\/a> que las consulten regularmente.   <\/p>\n\n<p>Este sitio es normalmente accesible a los usuarios en todo momento <a target=\"_blank\" href=\"https:\/\/web.archive.org\/web\/20250227062819\/https:\/\/www.hairvisual.fr\/\" rel=\"noopener\">. No obstante, https:\/\/www.hairvisual.fr<\/a> puede decidir interrumpir el sitio por motivos de mantenimiento t\u00e9cnico, en cuyo caso procurar\u00e1 informar a los usuarios de las fechas y horas de la intervenci\u00f3n con antelaci\u00f3n.  <\/p>\n\n<p>El sitio web <a target=\"_blank\" href=\"https:\/\/web.archive.org\/web\/20250227062819\/https:\/\/www.hairvisual.fr\/\" rel=\"noopener\">https:\/\/www.hairvisual.fr<\/a> es actualizado regularmente por Hairvisual. Del mismo modo, los avisos legales pueden ser modificados en cualquier momento: no obstante, son vinculantes para el usuario, a quien se invita a consultarlos con la mayor frecuencia posible para tomar conocimiento de los mismos.   <\/p>\n\n<h2 class=\"nm-block-heading wp-block-heading\">1. Descripci\u00f3n de los servicios prestados<\/h2>\n\n<p>El objetivo del sitio web <a target=\"_blank\" href=\"https:\/\/web.archive.org\/web\/20250227062819\/https:\/\/www.hairvisual.fr\/\" rel=\"noopener\">https:\/\/www.hairvisual.fr<\/a> es proporcionar informaci\u00f3n sobre todas las actividades de la empresa.<\/p>\n\n<p>Hairvisual se esfuerza por proporcionar la informaci\u00f3n m\u00e1s precisa posible en el sitio web <a target=\"_blank\" href=\"https:\/\/web.archive.org\/web\/20250227062819\/https:\/\/www.hairvisual.fr\/\" rel=\"noopener\">https:\/\/www.hairvisual.fr<\/a>. Sin embargo, Hairvisual no se hace responsable de las omisiones, inexactitudes o falta de actualizaci\u00f3n de la informaci\u00f3n, ya sean causadas por Hairvisual o por terceros asociados que suministren dicha informaci\u00f3n.   <\/p>\n\n<p>Toda la informaci\u00f3n proporcionada en el sitio web <a target=\"_blank\" href=\"https:\/\/web.archive.org\/web\/20250227062819\/https:\/\/www.hairvisual.fr\/\" rel=\"noopener\">https:\/\/www.hairvisual.fr<\/a> se ofrece a t\u00edtulo orientativo y est\u00e1 sujeta a cambios. Adem\u00e1s, la informaci\u00f3n del sitio web <a target=\"_blank\" href=\"https:\/\/web.archive.org\/web\/20250227062819\/https:\/\/www.hairvisual.fr\/\" rel=\"noopener\">https:\/\/www.hairvisual.fr<\/a> no es exhaustiva. Est\u00e1 sujeta a modificaciones desde su puesta en l\u00ednea.    <\/p>\n\n<h2 class=\"nm-block-heading wp-block-heading\">2. Limitaciones contractuales de los datos t\u00e9cnicos<\/h2>\n\n<p>El sitio utiliza tecnolog\u00eda JavaScript.<\/p>\n\n<p>El sitio web no se hace responsable de ning\u00fan da\u00f1o material relacionado con el uso del sitio. Adem\u00e1s, el usuario del sitio se compromete a acceder a \u00e9l utilizando un equipo reciente, libre de virus y con un navegador actualizado.   <\/p>\n\n<h2 class=\"nm-block-heading wp-block-heading\">3. Propiedad intelectual y falsificaci\u00f3n<\/h2>\n\n<p>Hairvisual es titular de los derechos de propiedad intelectual o tiene los derechos de uso sobre todos los elementos accesibles en el sitio, en particular los textos, im\u00e1genes, gr\u00e1ficos, logotipos, iconos, sonidos, software.<\/p>\n\n<p>Cualquier reproducci\u00f3n, representaci\u00f3n, modificaci\u00f3n, publicaci\u00f3n, adaptaci\u00f3n de la totalidad o parte de los elementos del sitio, cualquiera que sea el medio o el procedimiento utilizado, est\u00e1 prohibido, salvo autorizaci\u00f3n previa por escrito de : Hairvisual.<\/p>\n\n<p>Cualquier uso no autorizado del sitio o de cualquiera de los elementos que contiene se considerar\u00e1 falsificaci\u00f3n y ser\u00e1 perseguido de conformidad con las disposiciones de los art\u00edculos L.335-2 y siguientes del C\u00f3digo de la Propiedad Intelectual franc\u00e9s. <\/p>\n\n<h2 class=\"nm-block-heading wp-block-heading\">4. Limitaci\u00f3n de responsabilidad<\/h2>\n\n<p>Hairvisual no se hace responsable de los da\u00f1os directos o indirectos causados al equipo del usuario al acceder al sitio Hairvisual, y que resulten bien del uso de un equipo que no cumpla las especificaciones indicadas en el punto 4, bien de la aparici\u00f3n de un error o incompatibilidad.<\/p>\n\n<h2 class=\"nm-block-heading wp-block-heading\">5. Gesti\u00f3n de datos personales<\/h2>\n\n<p>Consulta nuestra p\u00e1gina de <a target=\"_blank\" href=\"https:\/\/web.archive.org\/web\/20250227062819\/https:\/\/www.hairvisual.fr\/politique-de-confidentialite\/\" rel=\"noopener\">Pol\u00edtica de privacidad<\/a>.<\/p>\n\n<h2 class=\"nm-block-heading wp-block-heading\">6. Hiperv\u00ednculos y cookies<\/h2>\n\n<p>El sitio <a target=\"_blank\" href=\"https:\/\/web.archive.org\/web\/20250227062819\/https:\/\/www.hairvisual.fr\/\" rel=\"noopener\">https:\/\/www.hairvisual.fr<\/a> contiene una serie de enlaces de hipertexto a otros sitios, establecidos con la autorizaci\u00f3n de Hairvisual. Sin embargo, Hairvisual no est\u00e1 en condiciones de comprobar el contenido de los sitios visitados de este modo y, en consecuencia, no acepta ninguna responsabilidad al respecto.   <\/p>\n\n<p>La navegaci\u00f3n por el sitio web <a target=\"_blank\" href=\"https:\/\/web.archive.org\/web\/20250227062819\/https:\/\/www.hairvisual.fr\/\" rel=\"noopener\">https:\/\/www.hairvisual.fr<\/a> puede dar lugar a la instalaci\u00f3n de cookie(s) en el ordenador del usuario. Una cookie es un peque\u00f1o archivo que no permite identificar al usuario, pero que registra informaci\u00f3n relativa a la navegaci\u00f3n de un ordenador en un sitio. Los datos obtenidos de este modo est\u00e1n destinados a facilitar la navegaci\u00f3n posterior por el sitio, y tambi\u00e9n se utilizan para medir el n\u00famero de visitantes.    <\/p>\n\n<p>Para obtener m\u00e1s informaci\u00f3n sobre las cookies, consulta nuestra p\u00e1gina <a target=\"_blank\" href=\"https:\/\/web.archive.org\/web\/20250227062819\/https:\/\/www.hairvisual.fr\/politique-de-confidentialite\/\" rel=\"noopener\">\u00abPol\u00edtica de privacidad<\/a>\u00ab.<\/p>\n\n<h2 class=\"nm-block-heading wp-block-heading\">7. Ley aplicable y jurisdicci\u00f3n<\/h2>\n\n<p>Cualquier litigio relacionado con el uso del sitio web <a target=\"_blank\" href=\"https:\/\/web.archive.org\/web\/20250227062819\/https:\/\/www.hairvisual.fr\/\" rel=\"noopener\">https:\/\/www.hairvisual.fr<\/a> est\u00e1 sujeto a la legislaci\u00f3n francesa. La jurisdicci\u00f3n corresponde a los tribunales competentes.   <\/p>\n\n<h2 class=\"nm-block-heading wp-block-heading\">8. Las principales leyes afectadas<\/h2>\n\n<p>Ley n\u00ba 78-87 de 6 de enero de 1978, modificada por la Ley n\u00ba 2004-801 de 6 de agosto de 2004 relativa a la inform\u00e1tica, los ficheros y las libertades.  <\/p>\n\n<p>Ley n\u00ba 2004-575 de 21 de junio de 2004 sobre la confianza en la econom\u00eda digital. <\/p>\n\n<h2 class=\"nm-block-heading wp-block-heading\">9. L\u00e9xico<\/h2>\n\n<p>Usuario: Usuario de Internet que se conecta y utiliza el sitio mencionado.<\/p>\n\n<p>Informaci\u00f3n personal: \u00abinformaci\u00f3n que permite, en cualquier forma, directa o indirectamente, la identificaci\u00f3n de las personas f\u00edsicas a las que se aplica\u00bb (art\u00edculo 4 de la ley n\u00ba 78-17 de 6 de enero de 1978).<\/p>\n\n<p>Versi\u00f3n aplicable a partir del 5 de marzo de 2018<\/p>\n","protected":false},"excerpt":{"rendered":"<p>El uso del sitio web https:\/\/www.hairvisual.fr implica la plena aceptaci\u00f3n de las condiciones generales de uso que se describen a continuaci\u00f3n. Estas condiciones de uso pueden ser modificadas o completadas en cualquier momento, por lo que se aconseja a los usuarios del sitio web https:\/\/www.hairvisual.fr que las consulten regularmente. Este sitio es normalmente accesible a &hellip;<\/p>\n","protected":false},"author":1,"featured_media":1102922,"parent":0,"menu_order":1005,"comment_status":"closed","ping_status":"closed","template":"","meta":{"_seopress_robots_primary_cat":"","_seopress_titles_title":"%%post_title%% %%sep%% %%sitetitle%%","_seopress_titles_desc":"Normas de uso del sitio HAIRVISUAL: derechos, responsabilidades de los usuarios y l\u00edmites de acceso a los contenidos.","_seopress_robots_index":"","footnotes":""},"class_list":["post-1103900","page","type-page","status-publish","has-post-thumbnail"],"_links":{"self":[{"href":"https:\/\/hairvisual.fr\/es\/wp-json\/wp\/v2\/pages\/1103900","targetHints":{"allow":["GET"]}}],"collection":[{"href":"https:\/\/hairvisual.fr\/es\/wp-json\/wp\/v2\/pages"}],"about":[{"href":"https:\/\/hairvisual.fr\/es\/wp-json\/wp\/v2\/types\/page"}],"author":[{"embeddable":true,"href":"https:\/\/hairvisual.fr\/es\/wp-json\/wp\/v2\/users\/1"}],"replies":[{"embeddable":true,"href":"https:\/\/hairvisual.fr\/es\/wp-json\/wp\/v2\/comments?post=1103900"}],"version-history":[{"count":1,"href":"https:\/\/hairvisual.fr\/es\/wp-json\/wp\/v2\/pages\/1103900\/revisions"}],"predecessor-version":[{"id":1103902,"href":"https:\/\/hairvisual.fr\/es\/wp-json\/wp\/v2\/pages\/1103900\/revisions\/1103902"}],"wp:featuredmedia":[{"embeddable":true,"href":"https:\/\/hairvisual.fr\/es\/wp-json\/wp\/v2\/media\/1102922"}],"wp:attachment":[{"href":"https:\/\/hairvisual.fr\/es\/wp-json\/wp\/v2\/media?parent=1103900"}],"curies":[{"name":"wp","href":"https:\/\/api.w.org\/{rel}","templated":true}]}}