{"id":1103976,"date":"2025-04-16T15:01:31","date_gmt":"2025-04-16T15:01:31","guid":{"rendered":"https:\/\/hairvisual.fr\/politica-de-privacidad\/"},"modified":"2025-08-14T08:55:20","modified_gmt":"2025-08-14T08:55:20","slug":"politica-de-privacidad","status":"publish","type":"page","link":"https:\/\/hairvisual.fr\/es\/politica-de-privacidad\/","title":{"rendered":"Pol\u00edtica de privacidad"},"content":{"rendered":"\n<h2 class=\"nm-block-heading wp-block-heading\">\u00bfQui\u00e9nes somos?<\/h2>\n\n<p>La direcci\u00f3n de nuestro sitio web es https:\/\/www.hairvisual.fr.<\/p>\n\n<h2 class=\"nm-block-heading wp-block-heading\">Uso de los datos personales recogidos<\/h2>\n\n<h3 class=\"nm-block-heading wp-block-heading\">Comentarios<\/h3>\n\n<p>Cuando dejas un comentario en nuestro sitio web, se recogen los datos introducidos en el formulario de comentarios, tu direcci\u00f3n IP y el agente de usuario de tu navegador para ayudarnos a detectar comentarios no deseados.<\/p>\n\n<p>Se puede enviar al servicio Gravatar una cadena anonimizada creada a partir de tu direcci\u00f3n de correo electr\u00f3nico (tambi\u00e9n conocida como hash) para comprobar si la est\u00e1s utilizando. Las cl\u00e1usulas de confidencialidad del servicio Gravatar est\u00e1n disponibles aqu\u00ed: https:\/\/automattic.com\/privacy\/. Una vez validado tu comentario, tu foto de perfil ser\u00e1 visible p\u00fablicamente junto a tu comentario. <\/p>\n\n<h3 class=\"nm-block-heading wp-block-heading\">Medios de comunicaci\u00f3n<\/h3>\n\n<p>Si eres un usuario registrado y subes im\u00e1genes al sitio web, te aconsejamos que evites subir im\u00e1genes que contengan datos EXIF de coordenadas GPS. Los visitantes de tu sitio web pueden descargar y extraer datos de localizaci\u00f3n de estas im\u00e1genes. <\/p>\n\n<h3 class=\"nm-block-heading wp-block-heading\">Recogida de cookies<\/h3>\n\n<p>Si dejas un comentario en nuestro sitio, se te pedir\u00e1 que guardes tu nombre, direcci\u00f3n de correo electr\u00f3nico y sitio web en cookies. Esto es puramente para tu comodidad, para que no tengas que introducir esta informaci\u00f3n si dejas otro comentario m\u00e1s adelante. Estas cookies caducan al cabo de un a\u00f1o.  <\/p>\n\n<p>Si tienes una cuenta y te conectas a este sitio, se crear\u00e1 una cookie temporal para determinar si tu navegador acepta cookies. No contiene ning\u00fan dato personal y se borrar\u00e1 autom\u00e1ticamente cuando cierres tu navegador. <\/p>\n\n<p>Cuando te conectes, estableceremos una serie de cookies para registrar tu informaci\u00f3n de conexi\u00f3n y tus preferencias de pantalla. La duraci\u00f3n de una cookie de conexi\u00f3n es de dos d\u00edas, la de una cookie de opci\u00f3n de pantalla es de un a\u00f1o. Si marcas \u00abRecordarme\u00bb, tu cookie de conexi\u00f3n se conservar\u00e1 durante quince d\u00edas. Si cierras la sesi\u00f3n de tu cuenta, se borrar\u00e1 la cookie de conexi\u00f3n.   <\/p>\n\n<p>Cuando modifiques o publiques un art\u00edculo, se almacenar\u00e1 una cookie adicional en tu navegador. Esta cookie no contiene ning\u00fan dato personal. Simplemente indica el identificador del art\u00edculo que acabas de modificar. Caduca al cabo de un d\u00eda.   <\/p>\n\n<h4 class=\"nm-block-heading wp-block-heading\">Lista de cookies<\/h4>\n\n<p>Cookies funcionales<\/p>\n\n<figure class=\"wp-block-table\"><table class=\"has-fixed-layout\"><tbody><tr><td><strong>Nombre de la cookie<\/strong><\/td><td><strong>Funci\u00f3n<\/strong><\/td><td><strong>Vida \u00fatil<\/strong><\/td><td><strong>Localizaciones<\/strong><\/td><\/tr><tr><td>PHPSESSID<\/td><td>Esta cookie almacena la informaci\u00f3n de tu sesi\u00f3n, para que no tengas que volver a introducir tus datos en cada p\u00e1gina.<\/td><td>Sesi\u00f3n<\/td><td>Francia<\/td><\/tr><tr><td>resoluci\u00f3n<\/td><td>Guarda el tama\u00f1o de tu pantalla para mostrar el contenido en el tama\u00f1o adecuado<\/td><td>Sesi\u00f3n<\/td><td>Francia<\/td><\/tr><tr><td>wp-wpml_idioma_actual<\/td><td>Registra tu idioma para mostrar el contenido en el idioma correcto<\/td><td>Sesi\u00f3n<\/td><td>Francia<\/td><\/tr><tr><td>seopress<\/td><td>Se utiliza para permitir a los usuarios de Internet desactivar el seguimiento de la audiencia. La elecci\u00f3n del usuario se registra durante 12 meses. <\/td><td>12 meses<\/td><td>Francia<\/td><\/tr><tr><td>woocommerce_art\u00edculos_en_carrito<\/td><td>Ayuda a WooCommerce a determinar cu\u00e1ndo cambia el contenido\/datos del carrito.<\/td><td>Sesi\u00f3n<\/td><td>Francia<\/td><\/tr><tr><td>wp_woocommerce_session_*<\/td><td>Contiene un c\u00f3digo \u00fanico para cada cliente, para que WooCommerce sepa d\u00f3nde encontrar los datos de la cesta en la base de datos de cada cliente.<\/td><td>2 d\u00edas<\/td><td>Francia<\/td><\/tr><tr><td>woocommerce_cart_hash<\/td><td>Ayuda a WooCommerce a determinar cu\u00e1ndo cambia el contenido\/datos del carrito.<\/td><td>Sesi\u00f3n<\/td><td>Francia<\/td><\/tr><\/tbody><\/table><\/figure>\n\n<p>Cookies de seguimiento de audiencia<\/p>\n\n<figure class=\"wp-block-table\"><table class=\"has-fixed-layout\"><tbody><tr><td><strong>Nombre de la cookie<\/strong><\/td><td><strong>Funci\u00f3n<\/strong><\/td><td><strong>Vida \u00fatil<\/strong><\/td><td><strong>Localizaciones<\/strong><\/td><\/tr><tr><td>_pk_id.1.ae12<\/td><td>se utiliza para almacenar algunos detalles sobre el usuario, como el identificador \u00fanico del visitante<\/td><td>13 meses<\/td><td>Alemania<\/td><\/tr><tr><td>_pk_ses.1.ae12<\/td><td>Esta cookie de corta duraci\u00f3n se utiliza para almacenar temporalmente los datos de la visita.<\/td><td>30 minutos<\/td><td>Alemania<\/td><\/tr><tr><td>_ga<\/td><td>Se utiliza para medir las interacciones de los usuarios con los formularios de contacto y los enlaces para descargar art\u00edculos del sitio web.<\/td><td>13 meses<\/td><td>Estados Unidos<\/td><\/tr><tr><td>_gat<\/td><td>Se utiliza para limitar el flujo de peticiones, lo que limita la recogida de datos en sitios con mucho tr\u00e1fico. Caduca al cabo de 1 minuto. <\/td><td>1 minuto<\/td><td>Estados Unidos<\/td><\/tr><tr><td>_gid<\/td><td>Almacena y actualiza un valor \u00fanico para cada p\u00e1gina visitada.<\/td><td>1 d\u00eda<\/td><td>Estados Unidos<\/td><\/tr><\/tbody><\/table><\/figure>\n\n<p>Cookies utilizadas para personalizar la publicidad<\/p>\n\n<figure class=\"wp-block-table\"><table class=\"has-fixed-layout\"><tbody><tr><td><strong>Nombre de la cookie<\/strong><\/td><td><strong>Funci\u00f3n<\/strong><\/td><td><strong>Vida \u00fatil<\/strong><\/td><td><strong>Localizaciones<\/strong><\/td><\/tr><tr><td>_gcl_au<\/td><td>Utilizado por Google Ads para probar la eficacia de la publicidad en varios sitios web que utilizan sus servicios.<\/td><td>3 meses<\/td><td>Estados Unidos<\/td><\/tr><tr><td>_fbp<\/td><td>Esta cookie, creada por Facebook, nos permite ofrecer a los visitantes de nuestro sitio web publicidad dirigida a nuestros productos en su plataforma.<\/td><td>3 meses<\/td><td>Estados Unidos<\/td><\/tr><\/tbody><\/table><\/figure>\n\n<h3 class=\"nm-block-heading wp-block-heading\">Contenido incrustado de otros sitios<\/h3>\n\n<p>Los art\u00edculos de este sitio pueden incluir contenido incrustado (por ejemplo, v\u00eddeos, im\u00e1genes, art\u00edculos, etc.). El contenido incrustado de otros sitios se comporta de la misma manera que si el visitante estuviera visitando ese otro sitio. <\/p>\n\n<p>Estos sitios web pueden recopilar datos sobre ti, utilizar cookies, incrustar herramientas de seguimiento de terceros y rastrear tus interacciones con este contenido incrustado si tienes una cuenta conectada a su sitio web.<\/p>\n\n<h2 class=\"nm-block-heading wp-block-heading\">Periodos de almacenamiento de tus datos<\/h2>\n\n<p>Si dejas un comentario, el comentario y sus metadatos se conservan indefinidamente. Esto permite que los comentarios posteriores sean reconocidos y aprobados autom\u00e1ticamente, en lugar de quedar en la cola de moderaci\u00f3n. <\/p>\n\n<p>Para los usuarios que se registran en nuestro sitio (cuando es posible), tambi\u00e9n almacenamos los datos personales indicados en su perfil. Todos los usuarios pueden ver, modificar o eliminar su informaci\u00f3n personal en cualquier momento (a excepci\u00f3n de su nombre de usuario). Los administradores del sitio tambi\u00e9n pueden ver y modificar esta informaci\u00f3n.  <\/p>\n\n<h2 class=\"nm-block-heading wp-block-heading\">Los derechos que tienes sobre tus datos<\/h2>\n\n<p>Si tienes una cuenta o si has dejado comentarios en el sitio, puedes solicitar que te enviemos un archivo con todos los datos personales que tenemos sobre ti, incluidos los que nos has facilitado. Tambi\u00e9n puedes solicitar la supresi\u00f3n de tus datos personales. Esto no incluye los datos almacenados con fines administrativos, legales o de seguridad.  <\/p>\n\n<h2 class=\"nm-block-heading wp-block-heading\">Transmisi\u00f3n de tus datos personales<\/h2>\n\n<p>Los comentarios de los visitantes pueden comprobarse mediante un servicio automatizado para detectar comentarios indeseables.<\/p>\n","protected":false},"excerpt":{"rendered":"<p>\u00bfQui\u00e9nes somos? La direcci\u00f3n de nuestro sitio web es https:\/\/www.hairvisual.fr. Uso de los datos personales recogidos Comentarios Cuando dejas un comentario en nuestro sitio web, se recogen los datos introducidos en el formulario de comentarios, tu direcci\u00f3n IP y el agente de usuario de tu navegador para ayudarnos a detectar comentarios no deseados. Se puede &hellip;<\/p>\n","protected":false},"author":1,"featured_media":1102544,"parent":0,"menu_order":1004,"comment_status":"closed","ping_status":"closed","template":"","meta":{"_seopress_robots_primary_cat":"","_seopress_titles_title":"%%post_title%% %%sep%% %%sitetitle%%","_seopress_titles_desc":"Descubre c\u00f3mo HAIRVISUAL protege tus datos personales: tratamiento, almacenamiento, cookies y derecho de rectificaci\u00f3n.","_seopress_robots_index":"","footnotes":""},"class_list":["post-1103976","page","type-page","status-publish","has-post-thumbnail"],"_links":{"self":[{"href":"https:\/\/hairvisual.fr\/es\/wp-json\/wp\/v2\/pages\/1103976","targetHints":{"allow":["GET"]}}],"collection":[{"href":"https:\/\/hairvisual.fr\/es\/wp-json\/wp\/v2\/pages"}],"about":[{"href":"https:\/\/hairvisual.fr\/es\/wp-json\/wp\/v2\/types\/page"}],"author":[{"embeddable":true,"href":"https:\/\/hairvisual.fr\/es\/wp-json\/wp\/v2\/users\/1"}],"replies":[{"embeddable":true,"href":"https:\/\/hairvisual.fr\/es\/wp-json\/wp\/v2\/comments?post=1103976"}],"version-history":[{"count":1,"href":"https:\/\/hairvisual.fr\/es\/wp-json\/wp\/v2\/pages\/1103976\/revisions"}],"predecessor-version":[{"id":1103978,"href":"https:\/\/hairvisual.fr\/es\/wp-json\/wp\/v2\/pages\/1103976\/revisions\/1103978"}],"wp:featuredmedia":[{"embeddable":true,"href":"https:\/\/hairvisual.fr\/es\/wp-json\/wp\/v2\/media\/1102544"}],"wp:attachment":[{"href":"https:\/\/hairvisual.fr\/es\/wp-json\/wp\/v2\/media?parent=1103976"}],"curies":[{"name":"wp","href":"https:\/\/api.w.org\/{rel}","templated":true}]}}