{"id":1104020,"date":"2025-07-13T13:50:54","date_gmt":"2025-07-13T13:50:54","guid":{"rendered":"https:\/\/hairvisual.fr\/produit\/ecobell-cepillo-de-aplicacion-profesional\/"},"modified":"2025-08-14T15:59:11","modified_gmt":"2025-08-14T15:59:11","slug":"ecobell-cepillo-de-aplicacion-profesional","status":"publish","type":"product","link":"https:\/\/hairvisual.fr\/es\/producto\/ecobell-cepillo-de-aplicacion-profesional\/","title":{"rendered":"ECOBELL - Cepillo de aplicaci\u00f3n profesional"},"content":{"rendered":"<p>A la vez escultora y batidora, la Brocha de Mousse Profesional Ecobell maquilla el<a href=\"https:\/\/www.hairvisual.fr\/boutique\/ecobell-topical-shader\/\"> cuero cabelludo<\/a> en cualquier terreno.<\/p>\n<p>Capaz de multiplicar los acabados de todas las m\u00e1scaras de pesta\u00f1as fluidas o compactas y de deslizarse por cualquier parte del cuero cabelludo, sabe enmascarar la falta de vello sin sobrecargar.<\/p>\n<p>Ideal para la aplicaci\u00f3n ligera y precisa de m\u00e1scaras de pesta\u00f1as fluidas o compactas para el cabello.<\/p>\n","protected":false},"excerpt":{"rendered":"<p>El Cepillo de Espuma Profesional Ecobell aplica el maquillaje sobre cualquier cuero cabelludo. Multiplica los acabados de la m\u00e1scara y disimula la falta de vello sin sobrecargar.<\/p>\n","protected":false},"featured_media":1102624,"comment_status":"open","ping_status":"closed","template":"","meta":{"_seopress_robots_primary_cat":"none","_seopress_titles_title":"","_seopress_titles_desc":"","_seopress_robots_index":""},"product_brand":[],"product_cat":[354],"product_tag":[],"class_list":{"0":"post-1104020","1":"product","2":"type-product","3":"status-publish","4":"has-post-thumbnail","6":"product_cat-accesorios","8":"first","9":"instock","10":"taxable","11":"shipping-taxable","12":"purchasable","13":"product-type-simple"},"_links":{"self":[{"href":"https:\/\/hairvisual.fr\/es\/wp-json\/wp\/v2\/product\/1104020","targetHints":{"allow":["GET"]}}],"collection":[{"href":"https:\/\/hairvisual.fr\/es\/wp-json\/wp\/v2\/product"}],"about":[{"href":"https:\/\/hairvisual.fr\/es\/wp-json\/wp\/v2\/types\/product"}],"replies":[{"embeddable":true,"href":"https:\/\/hairvisual.fr\/es\/wp-json\/wp\/v2\/comments?post=1104020"}],"wp:featuredmedia":[{"embeddable":true,"href":"https:\/\/hairvisual.fr\/es\/wp-json\/wp\/v2\/media\/1102624"}],"wp:attachment":[{"href":"https:\/\/hairvisual.fr\/es\/wp-json\/wp\/v2\/media?parent=1104020"}],"wp:term":[{"taxonomy":"product_brand","embeddable":true,"href":"https:\/\/hairvisual.fr\/es\/wp-json\/wp\/v2\/product_brand?post=1104020"},{"taxonomy":"product_cat","embeddable":true,"href":"https:\/\/hairvisual.fr\/es\/wp-json\/wp\/v2\/product_cat?post=1104020"},{"taxonomy":"product_tag","embeddable":true,"href":"https:\/\/hairvisual.fr\/es\/wp-json\/wp\/v2\/product_tag?post=1104020"}],"curies":[{"name":"wp","href":"https:\/\/api.w.org\/{rel}","templated":true}]}}