{"id":1104025,"date":"2025-07-11T13:45:22","date_gmt":"2025-07-11T13:45:22","guid":{"rendered":"https:\/\/hairvisual.fr\/produit\/ecobell-cepillo-spa-para-cabello-fino-y-sensible\/"},"modified":"2025-08-14T15:59:54","modified_gmt":"2025-08-14T15:59:54","slug":"ecobell-cepillo-spa-para-cabello-fino-y-sensible","status":"publish","type":"product","link":"https:\/\/hairvisual.fr\/es\/producto\/ecobell-cepillo-spa-para-cabello-fino-y-sensible\/","title":{"rendered":"ECOBELL - Cepillo SPA para cabello fino y sensible"},"content":{"rendered":"<p><strong>Descripci\u00f3n :<\/strong><\/p>\n<ul>\n<li>Cepillo spa plano con cerdas ;<\/li>\n<li>Marco de madera, granos, longitud: 25 cm, anchura: 8 cm.<\/li>\n<\/ul>\n<p>El cepillo Ecobell, de venta en Spas, Institutos y hoteles balneario, est\u00e1 dise\u00f1ado para un cepillado respetuoso con tu cabello.<\/p>\n<p>Naturalmente antiest\u00e1tico, tiene un suave efecto estimulante sobre tu cuero cabelludo.<br \/>\nEl suave masaje que proporciona el cepillo Ecobell con sus espinillas especiales ayuda a fortalecer tus fol\u00edculos pilosos estimulando la irrigaci\u00f3n del cuero cabelludo. Tambi\u00e9n ayuda a regular el exceso de sebo y te proporciona una agradable sensaci\u00f3n de relajaci\u00f3n.<\/p>\n<p>El cepillo Ecobell desenreda muy f\u00e1cilmente el pelo largo sin romperlo.<\/p>\n<p>Por \u00faltimo, el cepillo Ecobell dispersa las fibras capilares <a href=\"https:\/\/www.hairvisual.fr\/boutique\/marques\/ecobell\/\">Ecobell<\/a> una vez esparcidas por el cabello.<\/p>\n<p><strong>F\u00f3rmula:<\/strong><br \/>\nLos granos son sint\u00e9ticos, el coj\u00edn es de goma y el mango es de madera natural.<\/p>\n<p>Modo <strong>de empleo:<\/strong><br \/>\nEficaces para cepillar el cabello, los granos tambi\u00e9n tienen un efecto masaje muy agradable y estimulan la circulaci\u00f3n en el cuero cabelludo.<\/p>\n<p>Tambi\u00e9n se puede utilizar sobre el cabello h\u00famedo.<\/p>\n","protected":false},"excerpt":{"rendered":"<p>El cepillo naturalmente antiest\u00e1tico de Ecobell estimula suavemente tu cuero cabelludo.<\/p>\n","protected":false},"featured_media":1102856,"comment_status":"open","ping_status":"closed","template":"","meta":{"_seopress_robots_primary_cat":"none","_seopress_titles_title":"","_seopress_titles_desc":"","_seopress_robots_index":""},"product_brand":[],"product_cat":[354],"product_tag":[],"class_list":{"0":"post-1104025","1":"product","2":"type-product","3":"status-publish","4":"has-post-thumbnail","6":"product_cat-accesorios","8":"first","9":"instock","10":"taxable","11":"shipping-taxable","12":"purchasable","13":"product-type-simple"},"_links":{"self":[{"href":"https:\/\/hairvisual.fr\/es\/wp-json\/wp\/v2\/product\/1104025","targetHints":{"allow":["GET"]}}],"collection":[{"href":"https:\/\/hairvisual.fr\/es\/wp-json\/wp\/v2\/product"}],"about":[{"href":"https:\/\/hairvisual.fr\/es\/wp-json\/wp\/v2\/types\/product"}],"replies":[{"embeddable":true,"href":"https:\/\/hairvisual.fr\/es\/wp-json\/wp\/v2\/comments?post=1104025"}],"wp:featuredmedia":[{"embeddable":true,"href":"https:\/\/hairvisual.fr\/es\/wp-json\/wp\/v2\/media\/1102856"}],"wp:attachment":[{"href":"https:\/\/hairvisual.fr\/es\/wp-json\/wp\/v2\/media?parent=1104025"}],"wp:term":[{"taxonomy":"product_brand","embeddable":true,"href":"https:\/\/hairvisual.fr\/es\/wp-json\/wp\/v2\/product_brand?post=1104025"},{"taxonomy":"product_cat","embeddable":true,"href":"https:\/\/hairvisual.fr\/es\/wp-json\/wp\/v2\/product_cat?post=1104025"},{"taxonomy":"product_tag","embeddable":true,"href":"https:\/\/hairvisual.fr\/es\/wp-json\/wp\/v2\/product_tag?post=1104025"}],"curies":[{"name":"wp","href":"https:\/\/api.w.org\/{rel}","templated":true}]}}