{"id":1104292,"date":"2025-07-22T15:02:29","date_gmt":"2025-07-22T15:02:29","guid":{"rendered":"https:\/\/hairvisual.fr\/produit\/hairfor2-champu-antirresiduos\/"},"modified":"2025-08-14T16:16:22","modified_gmt":"2025-08-14T16:16:22","slug":"hairfor2-champu-antirresiduos","status":"publish","type":"product","link":"https:\/\/hairvisual.fr\/es\/producto\/hairfor2-champu-antirresiduos\/","title":{"rendered":"HAIRFOR2 - Champ\u00fa antirresiduos"},"content":{"rendered":"<p>El Champ\u00fa Antirresiduos Hairfor2 elimina f\u00e1cil y eficazmente los restos de suplementos capilares, polvos capilares y m\u00e1scaras capilares de aplicaciones anteriores.<\/p>\n","protected":false},"excerpt":{"rendered":"<p>El Champ\u00fa Antirresiduos Hairfor2 elimina f\u00e1cil y eficazmente los restos de suplementos capilares, polvos capilares y m\u00e1scaras capilares de aplicaciones anteriores.<\/p>\n","protected":false},"featured_media":1103840,"comment_status":"open","ping_status":"closed","template":"","meta":{"_seopress_robots_primary_cat":"none","_seopress_titles_title":"","_seopress_titles_desc":"","_seopress_robots_index":""},"product_brand":[],"product_cat":[354],"product_tag":[],"class_list":{"0":"post-1104292","1":"product","2":"type-product","3":"status-publish","4":"has-post-thumbnail","6":"product_cat-accesorios","8":"first","9":"instock","10":"taxable","11":"shipping-taxable","12":"purchasable","13":"product-type-simple"},"_links":{"self":[{"href":"https:\/\/hairvisual.fr\/es\/wp-json\/wp\/v2\/product\/1104292","targetHints":{"allow":["GET"]}}],"collection":[{"href":"https:\/\/hairvisual.fr\/es\/wp-json\/wp\/v2\/product"}],"about":[{"href":"https:\/\/hairvisual.fr\/es\/wp-json\/wp\/v2\/types\/product"}],"replies":[{"embeddable":true,"href":"https:\/\/hairvisual.fr\/es\/wp-json\/wp\/v2\/comments?post=1104292"}],"wp:featuredmedia":[{"embeddable":true,"href":"https:\/\/hairvisual.fr\/es\/wp-json\/wp\/v2\/media\/1103840"}],"wp:attachment":[{"href":"https:\/\/hairvisual.fr\/es\/wp-json\/wp\/v2\/media?parent=1104292"}],"wp:term":[{"taxonomy":"product_brand","embeddable":true,"href":"https:\/\/hairvisual.fr\/es\/wp-json\/wp\/v2\/product_brand?post=1104292"},{"taxonomy":"product_cat","embeddable":true,"href":"https:\/\/hairvisual.fr\/es\/wp-json\/wp\/v2\/product_cat?post=1104292"},{"taxonomy":"product_tag","embeddable":true,"href":"https:\/\/hairvisual.fr\/es\/wp-json\/wp\/v2\/product_tag?post=1104292"}],"curies":[{"name":"wp","href":"https:\/\/api.w.org\/{rel}","templated":true}]}}