{"id":1104298,"date":"2025-07-23T14:55:31","date_gmt":"2025-07-23T14:55:31","guid":{"rendered":"https:\/\/hairvisual.fr\/produit\/hairfor2-spray-densificador-y-colorante\/"},"modified":"2026-04-12T14:54:54","modified_gmt":"2026-04-12T14:54:54","slug":"hairfor2-spray-densificador-y-colorante","status":"publish","type":"product","link":"https:\/\/hairvisual.fr\/es\/producto\/hairfor2-spray-densificador-y-colorante\/","title":{"rendered":"HAIRFOR2 - Spray Densificador y Colorante"},"content":{"rendered":"<p><span style=\"font-family: arial, helvetica, sans-serif; color: #ff0000;\">ATENCI\u00d3N: Los aerosoles no pueden enviarse fuera de Europa continental.<\/span><\/p>\n<p><span style=\"font-weight: 400;\">Usos de este spray: blanquear el pelo y\/o enmascarar las calvas.<\/span><\/p>\n<h2><span style=\"font-weight: 400;\">Color en spray para cabellos blancos y retoque de ra\u00edces<\/span><\/h2>\n<p><span style=\"font-weight: 400;\">Hairfor2 (antes Volluma) es un spray densificador del color disponible en 10 tonos. Por tanto, se puede utilizar para dar volumen al cabello del mismo tono, y\/o para cubrir los cabellos blancos y grises, y devolver a tu peinado su color original. <\/span><\/p>\n<p><span style=\"font-weight: 400;\">Para ocultar las ra\u00edces descoloridas: <\/span><\/p>\n<ol>\n<li style=\"font-weight: 400;\" aria-level=\"1\"><span style=\"font-weight: 400;\">Agita bien el pulverizador durante al menos 30 segundos antes de cada aplicaci\u00f3n. <\/span><\/li>\n<li style=\"font-weight: 400;\" aria-level=\"1\"><span style=\"font-weight: 400;\">Pulveriza a chorros sobre las zonas poco pobladas desde una distancia de unos 10 a 20 cm, sujetando el frasco lo m\u00e1s verticalmente posible. Si lo aplicas en la parte frontal del cabello, coloca la mano sobre la frente para evitar el contacto con los ojos. <\/span><\/li>\n<li style=\"font-weight: 400;\" aria-level=\"1\"><span style=\"font-weight: 400;\">P\u00e9inate.<\/span><\/li>\n<\/ol>\n<p><span style=\"font-weight: 400;\">La laca blanca y de color Hairfor2 puede guardarse en el cuarto de ba\u00f1o, lejos de cualquier llama.<\/span><\/p>\n<p><span style=\"font-weight: 400;\">Diferentes colores Hairfor2 disponibles<\/span><\/p>\n<div id=\"attachment_73607\" style=\"width: 489px\" class=\"wp-caption aligncenter\"><img fetchpriority=\"high\" decoding=\"async\" aria-describedby=\"caption-attachment-73607\" class=\"wp-image-73607 size-full\" src=\"https:\/\/hairvisual.fr\/wp-content\/uploads\/2025\/05\/spray-colore-et-densifiant-pour-masquer-les-cheveux-blancs-et-lalopecie-hairfor21.jpg\" alt=\"Colores disponibles para la laca blanca hairfor2\" width=\"479\" height=\"189\" \/><p id=\"caption-attachment-73607\" class=\"wp-caption-text\">Colores disponibles para la laca blanca hairfor2<\/p><\/div>\n<h2><span style=\"font-weight: 400;\">Un spray densificador para hombres y mujeres<\/span><\/h2>\n<p><span style=\"font-weight: 400;\">HairFor2 es un spray densificador del cabello resistente al agua con microfibras de queratina. Funciona seg\u00fan el mismo principio que un <\/span><a href=\"https:\/\/www.hairvisual.fr\/boutique\/k-max-poudre-de-cheveux-naturelle\/\"><span style=\"font-weight: 400;\">polvo densificador<\/span><\/a><span style=\"font-weight: 400;\"> cl\u00e1sico. Estas microfibras se adhieren a cada pelo, engros\u00e1ndolo para ocultar completamente las calvas, como se muestra en el v\u00eddeo siguiente. <\/span><\/p>\n<p><span style=\"font-weight: 400;\">V\u00eddeo de aplicaci\u00f3n del producto : <\/span><\/p>\n<div class=\"nm-wp-video-wrap nm-wp-video-wrap-youtube\"><iframe title=\"Hairvisual - HAIRFOR2 mascara cheveux Camouflage express calvitie racines cheveux blancs cicatrices\" width=\"1220\" height=\"686\" src=\"https:\/\/www.youtube.com\/embed\/V_io_cENotw?feature=oembed\" frameborder=\"0\" allow=\"accelerometer; autoplay; clipboard-write; encrypted-media; gyroscope; picture-in-picture; web-share\" referrerpolicy=\"strict-origin-when-cross-origin\" allowfullscreen><\/iframe><\/div>\n<p><span style=\"font-weight: 400;\">Formulado tanto para hombres como para mujeres, HairFor2 tiene varias funciones:<\/span><\/p>\n<ul>\n<li style=\"font-weight: 400;\" aria-level=\"1\"><span style=\"font-weight: 400;\">Spray para enmascarar la calvicie o un <a href=\"https:\/\/www.hairvisual.fr\/blog\/commen-cacher-un-trou-dans-les-cheveux\/\">agujero en el pelo<\/a><\/span><\/li>\n<li style=\"font-weight: 400;\" aria-level=\"1\"><span style=\"font-weight: 400;\">Spray para enmascarar cabellos blancos, cicatrices, manchas y ra\u00edces <\/span><\/li>\n<li style=\"font-weight: 400;\" aria-level=\"1\"><span style=\"font-weight: 400;\">Densifica el cabello, da volumen al cabello fino<\/span><\/li>\n<\/ul>\n<p><span style=\"font-weight: 400;\">A diferencia de otros productos similares, el spray para cabello blanco y alopecia HairFor2 es resistente a la lluvia y la transpiraci\u00f3n, y no es necesario a\u00f1adir laca ni fijador.<\/span><\/p>\n<p><span style=\"font-weight: 400;\">HairFor2 es ideal para enmascarar f\u00e1cilmente la parte escasa del v\u00e9rtice (parte posterior de la cabeza).<\/span><\/p>\n","protected":false},"excerpt":{"rendered":"<p>Hairfor2 es un spray colorante y densificador que enmascara tanto las canas como las calvas.<\/p>\n","protected":false},"featured_media":1102776,"comment_status":"open","ping_status":"closed","template":"","meta":{"_seopress_robots_primary_cat":"none","_seopress_titles_title":"","_seopress_titles_desc":"","_seopress_robots_index":""},"product_brand":[],"product_cat":[373],"product_tag":[],"class_list":{"0":"post-1104298","1":"product","2":"type-product","3":"status-publish","4":"has-post-thumbnail","6":"product_cat-spray-para-el-pelo","8":"first","9":"instock","10":"taxable","11":"shipping-taxable","12":"purchasable","13":"product-type-variable"},"_links":{"self":[{"href":"https:\/\/hairvisual.fr\/es\/wp-json\/wp\/v2\/product\/1104298","targetHints":{"allow":["GET"]}}],"collection":[{"href":"https:\/\/hairvisual.fr\/es\/wp-json\/wp\/v2\/product"}],"about":[{"href":"https:\/\/hairvisual.fr\/es\/wp-json\/wp\/v2\/types\/product"}],"replies":[{"embeddable":true,"href":"https:\/\/hairvisual.fr\/es\/wp-json\/wp\/v2\/comments?post=1104298"}],"wp:featuredmedia":[{"embeddable":true,"href":"https:\/\/hairvisual.fr\/es\/wp-json\/wp\/v2\/media\/1102776"}],"wp:attachment":[{"href":"https:\/\/hairvisual.fr\/es\/wp-json\/wp\/v2\/media?parent=1104298"}],"wp:term":[{"taxonomy":"product_brand","embeddable":true,"href":"https:\/\/hairvisual.fr\/es\/wp-json\/wp\/v2\/product_brand?post=1104298"},{"taxonomy":"product_cat","embeddable":true,"href":"https:\/\/hairvisual.fr\/es\/wp-json\/wp\/v2\/product_cat?post=1104298"},{"taxonomy":"product_tag","embeddable":true,"href":"https:\/\/hairvisual.fr\/es\/wp-json\/wp\/v2\/product_tag?post=1104298"}],"curies":[{"name":"wp","href":"https:\/\/api.w.org\/{rel}","templated":true}]}}