{"id":1104327,"date":"2025-07-26T14:21:47","date_gmt":"2025-07-26T14:21:47","guid":{"rendered":"https:\/\/hairvisual.fr\/produit\/ecobell-mascara-de-pestanas-de-color-para-la-calvicie-y-la-alopecia\/"},"modified":"2026-03-19T22:28:00","modified_gmt":"2026-03-19T22:28:00","slug":"ecobell-mascara-de-pestanas-de-color-para-la-calvicie-y-la-alopecia","status":"publish","type":"product","link":"https:\/\/hairvisual.fr\/es\/producto\/ecobell-mascara-de-pestanas-de-color-para-la-calvicie-y-la-alopecia\/","title":{"rendered":"ECOBELL - M\u00e1scara de pesta\u00f1as de color para la calvicie y la alopecia"},"content":{"rendered":"<h2>Ecobell M\u00e1scara Capilar Instant\u00e1nea - Hombres y Mujeres<\/h2>\n<p><span style=\"font-weight: 400;\">La m\u00e1scara correctora para cabello fino colorea el cuero cabelludo para que coincida con tu color de pelo. Recubre y espesa el pelo fino y delgado, haci\u00e9ndolo parecer cada vez m\u00e1s voluminoso. Es uno de los productos capilares m\u00e1s eficaces para a\u00f1adir volumen a tu cabello. <\/span><\/p>\n<p><span style=\"font-weight: 400;\">La m\u00e1scara capilar Ecobell es perfecta para disimular las canas y las ra\u00edces, a la vez que las enfunda.<\/span><\/p>\n<p><span style=\"font-weight: 400;\">La m\u00e1scara Ecobell est\u00e1 dise\u00f1ada para disimular la alopecia femenina y masculina. Es adecuada para todos los tipos y colores de pelo y piel. <\/span><\/p>\n<p><span style=\"font-weight: 400;\">La composici\u00f3n es suave con el cuero cabelludo, la m\u00e1scara capilar es f\u00e1cil de aplicar y no engrasa las ra\u00edces.<\/span><\/p>\n<p><span style=\"font-weight: 400;\">La m\u00e1scara capilar Ecobell es resistente al agua, por lo que se puede utilizar bajo el agua, en la piscina o en la playa.<\/span><\/p>\n<p><span style=\"font-weight: 400;\">Disponible en 4 tonos naturales:<\/span><\/p>\n<p><img alt=\"\" fetchpriority=\"high\" decoding=\"async\" class=\" size-full wp-image-74729\" src=\"https:\/\/hairvisual.fr\/wp-content\/uploads\/2025\/05\/ecobell-topical-shader-25g-mascara-capillaire-resistant-a-leau1.jpg\" alt=\"\" width=\"501\" height=\"534\" \/><\/p>\n<p>Los colores se pueden mezclar para obtener un color intermedio que combinar\u00e1 perfectamente con tu pelo.<\/p>\n<p><span style=\"font-weight: 400;\">Para obtener mejores resultados, siempre recomendamos elegir un tono m\u00e1s oscuro: si tu pelo es casta\u00f1o oscuro o casta\u00f1o medio, elige la m\u00e1scara de pesta\u00f1as Ecobell Topical Shader casta\u00f1o oscuro \/ si tu pelo es casta\u00f1o claro, elige la m\u00e1scara de pesta\u00f1as Ecobell casta\u00f1o medio \/ si tu pelo es rubio, elige la m\u00e1scara de pesta\u00f1as Ecobell casta\u00f1o claro. La m\u00e1scara de pesta\u00f1as capilar no puede aclarar el color del pelo, s\u00f3lo puede oscurecerlo y, por tanto, enmascarar las ra\u00edces grises. <\/span><\/p>\n<h2>M\u00e1scara capilar: \u00bfc\u00f3mo se utiliza?<\/h2>\n<p><span style=\"font-weight: 400;\">La m\u00e1scara de pesta\u00f1as para el pelo puede utilizarse de muchas formas, tanto para hombres como para mujeres: <\/span><\/p>\n<ul>\n<li style=\"font-weight: 400;\" aria-level=\"1\"><span style=\"font-weight: 400;\">Dale forma a tu pelo mientras lo ti\u00f1es. Si tu objetivo es el volumen, tambi\u00e9n puedes recurrir a una <\/span><a href=\"https:\/\/www.hairvisual.fr\/boutique\/volumiz-spray-colorant-cheveux\/\"><span style=\"font-weight: 400;\">aerosol de densidad coloreada<\/span><\/a><span style=\"font-weight: 400;\">.<\/span><\/li>\n<li style=\"font-weight: 400;\" aria-level=\"1\"><span style=\"font-weight: 400;\">Ocultar los cabellos blancos y las ra\u00edces grises: sobre todo los situados en zonas muy concretas, como las sienes.<\/span><\/li>\n<li style=\"font-weight: 400;\" aria-level=\"1\"><span style=\"font-weight: 400;\">Cubre las ra\u00edces entre dos coloraciones: la m\u00e1scara de pesta\u00f1as puede ayudarte a espaciar las coloraciones. Sin embargo, ten en cuenta que el r\u00edmel s\u00f3lo puede oscurecer el pelo, no aclararlo. <\/span><\/li>\n<li aria-level=\"1\"><a href=\"https:\/\/www.hairvisual.fr\/blog\/commen-cacher-un-trou-dans-les-cheveux\/\">Enmascarar un agujero en el pelo<\/a><\/li>\n<li style=\"font-weight: 400;\" aria-level=\"1\"><span style=\"font-weight: 400;\">En una cabeza afeitada, se puede utilizar m\u00e1scara de pesta\u00f1as para crear una l\u00ednea de cejas (ver v\u00eddeo m\u00e1s abajo).<\/span><\/li>\n<\/ul>\n<p><img alt=\"\" decoding=\"async\" class=\" size-full wp-image-74741\" src=\"https:\/\/hairvisual.fr\/wp-content\/uploads\/2025\/05\/eponge-triangulaire-professionnelle-de-maquillage-3.jpg\" alt=\"\" width=\"500\" height=\"147\" \/><\/p>\n<h2>Aplicaci\u00f3n de la m\u00e1scara: Cabello seco y limpio<\/h2>\n<p><span style=\"font-weight: 400;\">Para aplicar la m\u00e1scara de pesta\u00f1as, el cuero cabelludo debe estar limpio y seco. <\/span><\/p>\n<p><span style=\"font-weight: 400;\">Paso 1: Es muy importante humedecer suficientemente el aplicador o la esponja con agua tibia. Frota el aplicador de espuma o la esponja sobre la m\u00e1scara de pesta\u00f1as Ecobell Topical Shader para que el aplicador se impregne del producto. <\/span><\/p>\n<p><span style=\"font-weight: 400;\">Paso 2: Aplica la m\u00e1scara de pesta\u00f1as directamente sobre el cuero cabelludo en las zonas escasas, bien pasando el aplicador por el cuero cabelludo o frotando suavemente el cuero cabelludo. Tambi\u00e9n puedes utilizar un movimiento circular para obtener un resultado uniforme. <\/span><\/p>\n<p><span style=\"font-weight: 400;\">Ecobell Matizador T\u00f3pico colorea el cuero cabelludo para que coincida con el color de tu pelo, disimulando las zonas con poco pelo y las ra\u00edces grises. Tambi\u00e9n cubre el vello fino gracias a sus agentes espesantes, proporcionando un revestimiento capilar inmediato. El aplicador de Ecobell Topical Shader te permite una aplicaci\u00f3n precisa para perfeccionar de forma natural el nacimiento del cabello. <\/span><\/p>\n<p><span style=\"font-weight: 400;\">Paso 3: Cuando la zona est\u00e9 te\u00f1ida, cep\u00edllate el pelo. Esto distribuye los agentes espesantes por el pelo fino y ayuda a distribuir el color uniformemente por tu cabello. <\/span><\/p>\n<p><span style=\"font-weight: 400;\">Paso 4: Deja que la f\u00f3rmula se seque durante unos minutos. Si te vas a secar con secador, utiliza un ajuste de calor bajo. Si te has rizado, hecho la permanente o trenzado el pelo y no puedes cepillarlo normalmente, no hay problema. <\/span><\/p>\n<p><span style=\"font-weight: 400;\">Paso 5: Cuando el producto est\u00e9 completamente seco, cep\u00edllate el pelo. Los agentes espesantes se adherir\u00e1n a tu pelo para multiplicar su volumen por diez. Cepillarte el pelo tambi\u00e9n elimina el exceso de m\u00e1scara de pesta\u00f1as. Puedes eliminar f\u00e1cilmente cualquier resto de producto de la frente con una toallita h\u00fameda. <\/span><\/p>\n<p><span style=\"font-weight: 400;\">Ahora tienes el pelo m\u00e1s grueso y recubierto y las ra\u00edces te\u00f1idas de gris. El producto se eliminar\u00e1 con tu pr\u00f3ximo champ\u00fa. <\/span><\/p>\n<p><span style=\"font-weight: 400;\">La m\u00e1scara capilar Ecobell Topical Shader tiene la ventaja de ser f\u00e1cil de usar.<\/span><\/p>\n<h2>Resultados de la aplicaci\u00f3n de la m\u00e1scara capilar Ecobell<\/h2>\n<h2><span style=\"font-weight: 400; font-size: 16px;\">Antes y despu\u00e9s de la aplicaci\u00f3n de la m\u00e1scara capilar :<\/span><\/h2>\n<p><img alt=\"\" decoding=\"async\" class=\" size-full wp-image-74747\" src=\"https:\/\/hairvisual.fr\/wp-content\/uploads\/2025\/05\/avant-apres-hairvisual.jpg\" alt=\"\" width=\"497\" height=\"301\" \/><\/p>\n<p>Crear una l\u00ednea de pelo en una cabeza rapada (v\u00eddeo de un usuario):<\/p>\n<div class=\"nm-wp-video-wrap nm-wp-video-wrap-youtube\"><iframe title=\"Hairvisual - Cr\u00e9er une ligne frontale sur cr\u00e2ne ras\u00e9 avec le maquillage capillaire color\u00e9 Ecobell\" width=\"1220\" height=\"686\" src=\"https:\/\/www.youtube.com\/embed\/DIdDdtP6srw?feature=oembed\" frameborder=\"0\" allow=\"accelerometer; autoplay; clipboard-write; encrypted-media; gyroscope; picture-in-picture; web-share\" referrerpolicy=\"strict-origin-when-cross-origin\" allowfullscreen><\/iframe><\/div>\n<p>&nbsp;<\/p>\n","protected":false},"excerpt":{"rendered":"<p>Descubre la m\u00e1scara de pesta\u00f1as de color para el pelo de Ecobell. La m\u00e1scara de pesta\u00f1as para el pelo Ecobell Topical Shader resistente al agua ayuda a enmascarar la falta de pelo y las ra\u00edces grises.<\/p>\n","protected":false},"featured_media":1102808,"comment_status":"closed","ping_status":"closed","template":"","meta":{"_seopress_robots_primary_cat":"none","_seopress_titles_title":"","_seopress_titles_desc":"","_seopress_robots_index":""},"product_brand":[],"product_cat":[377],"product_tag":[378],"class_list":{"0":"post-1104327","1":"product","2":"type-product","3":"status-publish","4":"has-post-thumbnail","6":"product_cat-mascara-para-el-pelo","7":"product_tag-noticias","9":"first","10":"instock","11":"taxable","12":"shipping-taxable","13":"purchasable","14":"product-type-variable"},"_links":{"self":[{"href":"https:\/\/hairvisual.fr\/es\/wp-json\/wp\/v2\/product\/1104327","targetHints":{"allow":["GET"]}}],"collection":[{"href":"https:\/\/hairvisual.fr\/es\/wp-json\/wp\/v2\/product"}],"about":[{"href":"https:\/\/hairvisual.fr\/es\/wp-json\/wp\/v2\/types\/product"}],"replies":[{"embeddable":true,"href":"https:\/\/hairvisual.fr\/es\/wp-json\/wp\/v2\/comments?post=1104327"}],"wp:featuredmedia":[{"embeddable":true,"href":"https:\/\/hairvisual.fr\/es\/wp-json\/wp\/v2\/media\/1102808"}],"wp:attachment":[{"href":"https:\/\/hairvisual.fr\/es\/wp-json\/wp\/v2\/media?parent=1104327"}],"wp:term":[{"taxonomy":"product_brand","embeddable":true,"href":"https:\/\/hairvisual.fr\/es\/wp-json\/wp\/v2\/product_brand?post=1104327"},{"taxonomy":"product_cat","embeddable":true,"href":"https:\/\/hairvisual.fr\/es\/wp-json\/wp\/v2\/product_cat?post=1104327"},{"taxonomy":"product_tag","embeddable":true,"href":"https:\/\/hairvisual.fr\/es\/wp-json\/wp\/v2\/product_tag?post=1104327"}],"curies":[{"name":"wp","href":"https:\/\/api.w.org\/{rel}","templated":true}]}}