{"id":1104329,"date":"2025-07-25T14:34:17","date_gmt":"2025-07-25T14:34:17","guid":{"rendered":"https:\/\/hairvisual.fr\/produit\/ecobell-spray-fijador\/"},"modified":"2025-08-25T14:29:23","modified_gmt":"2025-08-25T14:29:23","slug":"ecobell-spray-fijador","status":"publish","type":"product","link":"https:\/\/hairvisual.fr\/es\/producto\/ecobell-spray-fijador\/","title":{"rendered":"ECOBELL - Spray fijador"},"content":{"rendered":"<h3>Spray fijador para el cabello en polvo<\/h3>\n<p style=\"text-align: left;\">Ecobell Fijador 150 ml es el complemento esencial del polvo capilar, sobre todo si tienes el pelo muy corto y\/o muy fino.<\/p>\n<p>A diferencia de las lacas normales, el Spray Fijador Sin Gas Ecobell no contiene gas y mantiene las fibras en su sitio durante varios d\u00edas, normalmente hasta el siguiente champ\u00fa, sin endurecer el pelo.<\/p>\n<p style=\"text-align: left;\">Formato Maxi 150 ml: Suficiente para 50 aplicaciones o m\u00e1s.<\/p>\n<h3>\u00bfC\u00f3mo se utiliza el spray capilar Ecobell?<\/h3>\n<p>Tras aplicar el polvo capilar, a una distancia de unos 20 cm del pelo, pulveriza en r\u00e1fagas cortas para que el polvo se fije bien. Evita cepillarte o peinarte el pelo despu\u00e9s de la aplicaci\u00f3n.<\/p>\n<ul>\n<li>La laca para el pelo es inflamable, as\u00ed que no la utilices cerca de llamas.<\/li>\n<li>Evita el contacto con los ojos.<\/li>\n<li>Guarda el frasco fuera del alcance de los ni\u00f1os<\/li>\n<li>En caso de irritaci\u00f3n, interrumpe su uso y acude a un profesional sanitario.<\/li>\n<\/ul>\n","protected":false},"excerpt":{"rendered":"<p>El Spray Fijador Sin Gas Ecobell 150 ml no contiene gas y proporciona al Polvo Densificador Profesional Ecobell Keratine una excelente fijaci\u00f3n durante varios d\u00edas. Para saber m\u00e1s&#8230;<\/p>\n","protected":false},"featured_media":1102680,"comment_status":"open","ping_status":"closed","template":"","meta":{"_seopress_robots_primary_cat":"none","_seopress_titles_title":"","_seopress_titles_desc":"","_seopress_robots_index":""},"product_brand":[],"product_cat":[373],"product_tag":[],"class_list":{"0":"post-1104329","1":"product","2":"type-product","3":"status-publish","4":"has-post-thumbnail","6":"product_cat-spray-para-el-pelo","8":"first","9":"instock","10":"taxable","11":"shipping-taxable","12":"purchasable","13":"product-type-simple"},"_links":{"self":[{"href":"https:\/\/hairvisual.fr\/es\/wp-json\/wp\/v2\/product\/1104329","targetHints":{"allow":["GET"]}}],"collection":[{"href":"https:\/\/hairvisual.fr\/es\/wp-json\/wp\/v2\/product"}],"about":[{"href":"https:\/\/hairvisual.fr\/es\/wp-json\/wp\/v2\/types\/product"}],"replies":[{"embeddable":true,"href":"https:\/\/hairvisual.fr\/es\/wp-json\/wp\/v2\/comments?post=1104329"}],"wp:featuredmedia":[{"embeddable":true,"href":"https:\/\/hairvisual.fr\/es\/wp-json\/wp\/v2\/media\/1102680"}],"wp:attachment":[{"href":"https:\/\/hairvisual.fr\/es\/wp-json\/wp\/v2\/media?parent=1104329"}],"wp:term":[{"taxonomy":"product_brand","embeddable":true,"href":"https:\/\/hairvisual.fr\/es\/wp-json\/wp\/v2\/product_brand?post=1104329"},{"taxonomy":"product_cat","embeddable":true,"href":"https:\/\/hairvisual.fr\/es\/wp-json\/wp\/v2\/product_cat?post=1104329"},{"taxonomy":"product_tag","embeddable":true,"href":"https:\/\/hairvisual.fr\/es\/wp-json\/wp\/v2\/product_tag?post=1104329"}],"curies":[{"name":"wp","href":"https:\/\/api.w.org\/{rel}","templated":true}]}}