{"id":1104339,"date":"2025-07-27T13:54:37","date_gmt":"2025-07-27T13:54:37","guid":{"rendered":"https:\/\/hairvisual.fr\/produit\/ecobell-crema-correctora-de-la-calvicie-alopecia\/"},"modified":"2026-04-02T20:43:22","modified_gmt":"2026-04-02T20:43:22","slug":"ecobell-crema-correctora-de-la-calvicie-alopecia","status":"publish","type":"product","link":"https:\/\/hairvisual.fr\/es\/producto\/ecobell-crema-correctora-de-la-calvicie-alopecia\/","title":{"rendered":"ECOBELL - Crema Correctora de la Calvicie Alopecia"},"content":{"rendered":"<h2>Ecobell Crema Cubriente para Cabello Fino - Hombres y Mujeres<\/h2>\n<p><span style=\"font-family: georgia, palatino, serif;\">El nuevo Fluido Corrector Ecobell es una <strong>m\u00e1scara capilar coloreada resistente al agua<\/strong> en forma de crema fluida que puede enmascarar el debilitamiento del cabello y la alopecia femenina y masculina en cuesti\u00f3n de instantes.<\/span><\/p>\n<p><span style=\"font-family: georgia, palatino, serif;\">El l\u00edquido corrector de la alopecia no s\u00f3lo colorea el cuero cabelludo, sino que tambi\u00e9n recubre el pelo para dar una impresi\u00f3n de volumen y grosor.<\/span><\/p>\n<p><span style=\"font-family: georgia, palatino, serif;\">Este producto no obstruye los poros del cuero cabelludo ni interfiere en el crecimiento del pelo.<\/span><\/p>\n<p><span style=\"font-family: georgia, palatino, serif;\">Tambi\u00e9n puede utilizarse despu\u00e9s de un trasplante capilar.<\/span><\/p>\n<p><span style=\"font-family: georgia, palatino, serif;\">Adecuado para hombres y mujeres con alopecia.<\/span><\/p>\n<p><span style=\"font-family: georgia, palatino, serif;\">Instrucciones de uso: 1\/ <\/span><span style=\"font-family: georgia, palatino, serif;\">Aplica un poco de producto en la esponja. 2\/ <\/span><span style=\"font-family: georgia, palatino, serif;\">Apl\u00edcalo sobre el cabello y el cuero cabelludo secos o ligeramente h\u00famedos. 3\/ <\/span><span style=\"font-family: georgia, palatino, serif;\">Pinta como siempre.<\/span><\/p>\n<p><span style=\"font-family: georgia, palatino, serif;\">Formato Maxi: 50 mililitros<\/span><\/p>\n<p><img alt=\"\" fetchpriority=\"high\" decoding=\"async\" class=\" size-full wp-image-79139\" src=\"https:\/\/hairvisual.fr\/wp-content\/uploads\/2025\/05\/ecobell-profesionnal.png\" alt=\"\" width=\"530\" height=\"1126\" \/><\/p>\n","protected":false},"excerpt":{"rendered":"<p>M\u00e1scara de color para cabellos resistentes al agua, en forma de crema fluida que enmascara el debilitamiento del cabello y la alopecia en unos instantes. Para saber m\u00e1s&#8230;<\/p>\n","protected":false},"featured_media":1102718,"comment_status":"closed","ping_status":"closed","template":"","meta":{"_seopress_robots_primary_cat":"none","_seopress_titles_title":"","_seopress_titles_desc":"","_seopress_robots_index":""},"product_brand":[],"product_cat":[377],"product_tag":[378],"class_list":{"0":"post-1104339","1":"product","2":"type-product","3":"status-publish","4":"has-post-thumbnail","6":"product_cat-mascara-para-el-pelo","7":"product_tag-noticias","9":"first","10":"instock","11":"taxable","12":"shipping-taxable","13":"purchasable","14":"product-type-variable"},"_links":{"self":[{"href":"https:\/\/hairvisual.fr\/es\/wp-json\/wp\/v2\/product\/1104339","targetHints":{"allow":["GET"]}}],"collection":[{"href":"https:\/\/hairvisual.fr\/es\/wp-json\/wp\/v2\/product"}],"about":[{"href":"https:\/\/hairvisual.fr\/es\/wp-json\/wp\/v2\/types\/product"}],"replies":[{"embeddable":true,"href":"https:\/\/hairvisual.fr\/es\/wp-json\/wp\/v2\/comments?post=1104339"}],"wp:featuredmedia":[{"embeddable":true,"href":"https:\/\/hairvisual.fr\/es\/wp-json\/wp\/v2\/media\/1102718"}],"wp:attachment":[{"href":"https:\/\/hairvisual.fr\/es\/wp-json\/wp\/v2\/media?parent=1104339"}],"wp:term":[{"taxonomy":"product_brand","embeddable":true,"href":"https:\/\/hairvisual.fr\/es\/wp-json\/wp\/v2\/product_brand?post=1104339"},{"taxonomy":"product_cat","embeddable":true,"href":"https:\/\/hairvisual.fr\/es\/wp-json\/wp\/v2\/product_cat?post=1104339"},{"taxonomy":"product_tag","embeddable":true,"href":"https:\/\/hairvisual.fr\/es\/wp-json\/wp\/v2\/product_tag?post=1104339"}],"curies":[{"name":"wp","href":"https:\/\/api.w.org\/{rel}","templated":true}]}}