{"id":1104353,"date":"2026-04-01T08:10:26","date_gmt":"2026-04-01T08:10:26","guid":{"rendered":"https:\/\/hairvisual.fr\/produit\/ecobell-polvo-densificador-nueva-formula-3\/"},"modified":"2026-04-17T02:45:09","modified_gmt":"2026-04-17T02:45:09","slug":"ecobell-polvo-densificador-nueva-formula-3","status":"publish","type":"product","link":"https:\/\/hairvisual.fr\/es\/producto\/ecobell-polvo-densificador-nueva-formula-3\/","title":{"rendered":"ECOBELL - Polvo Densificador Nueva F\u00f3rmula"},"content":{"rendered":"<h2>Polvo capilar 99,6% natural<\/h2>\n<p>El nuevo Polvo Densificador Vegano para el Cabello, elaborado con un 99,6% de ingredientes naturales sin ingredientes animales, es una formulaci\u00f3n \u00fanica de fibras naturales puras que han sido sometidas a un corte de precisi\u00f3n con l\u00e1ser hasta alcanzar dimensiones microsc\u00f3picas (0,3-0,5 mm). Tras el corte, las fibras naturales se colorean y se recubren para mejorar la retenci\u00f3n de carga electrost\u00e1tica. A continuaci\u00f3n, las fibras naturales se envasan higi\u00e9nicamente en frascos o sobres especiales de recarga.<br \/>\nEl hecho de que est\u00e9n cargadas de energ\u00eda electrost\u00e1tica permite que las fibras se adhieran temporalmente al cabello existente, d\u00e1ndole una impresi\u00f3n inmediata de volumen. El efecto dura unos d\u00edas, y se disuelven con el primer champ\u00fa.<\/p>\n<p>En caso de viento fuerte, lluvia o rozaduras (al usar un casco de moto, por ejemplo), te aconsejamos encarecidamente que fijes el polvo densificante con el spray fijador dise\u00f1ado para este fin, que permitir\u00e1 que el polvo se fije y recubra el pelo. En nuestra tienda encontrar\u00e1s el Spray Fijador Ecobell (para una fijaci\u00f3n normal y un peinado flexible) y el Spray Fijador K-Max (para una fijaci\u00f3n extrafuerte y una fijaci\u00f3n duradera).<br \/>\nLos polvos densificantes veganos Ecobell enmascaran instant\u00e1neamente la ca\u00edda del cabello y disimulan eficazmente cicatrices, manchas, ra\u00edces blancas y canas. Son adecuados tanto para hombres como para mujeres y para todo tipo y color de cabello, ya sea encrespado o liso, largo o corto, grueso o fino.<\/p>\n<p>&nbsp;<\/p>\n<p><iframe title=\"Hairvisual - Ecobell Poudre de Cheveux Densifiante Naturelle sans ingr\u00e9dients d&#039;origine animale !!!\" width=\"1220\" height=\"686\" src=\"https:\/\/www.youtube.com\/embed\/d32nWCdDUWA?feature=oembed\" frameborder=\"0\" allow=\"accelerometer; autoplay; clipboard-write; encrypted-media; gyroscope; picture-in-picture; web-share\" referrerpolicy=\"strict-origin-when-cross-origin\" allowfullscreen><\/iframe><\/p>\n<h2>Los beneficios del polvo capilar Ecobell<\/h2>\n<p><span style=\"font-family: arial, helvetica, sans-serif;\"><span style=\"font-size: 12pt;\">El nuevo Polvo Densificador Capilar Ecobell 99% Natural sin ingredientes de origen animal <\/span><span style=\"font-size: 12pt;\">es muy f\u00e1cil de aplicar: <\/span> <\/span><\/p>\n<p><span style=\"font-family: arial, helvetica, sans-serif; font-size: 12pt;\">El Polvo Densificador Vegano para el Cabello Ecobell est\u00e1 disponible en nueve colores naturales que se pueden mezclar entre s\u00ed. Los colores se pueden mezclar f\u00e1cilmente para obtener un tono intermedio (por ejemplo, Negro + Casta\u00f1o Oscuro para un tono Casta\u00f1o Oscuro) o un color nuevo (por ejemplo, Casta\u00f1o Medio + Gris para el pelo canoso). <\/span><\/p>\n<p><span style=\"font-family: arial, helvetica, sans-serif; font-size: 12pt;\">El polvo densificante vegano para el cabello Ecobell est\u00e1 disponible en dos formatos: frasco de 25 gramos o recambio de 100 gramos.<\/span><\/p>\n<p><span style=\"font-family: arial, helvetica, sans-serif;\"><strong><span style=\"font-size: 12pt;\">Los beneficios del nuevo polvo densificante para el cabello de Ecobell:<\/span><\/strong><\/span><\/p>\n<p><span style=\"font-family: arial, helvetica, sans-serif;\"><strong><span style=\"font-size: 12pt;\">\u2665 F\u00f3rmula mejorada Calidad garantizada<\/span><\/strong><\/span><\/p>\n<p><span style=\"font-family: arial, helvetica, sans-serif;\"><strong><span style=\"font-size: 12pt;\">\u2665 Colores perfectamente difuminables <\/span><\/strong><\/span><\/p>\n<p><span style=\"font-family: arial, helvetica, sans-serif;\"><strong><span style=\"font-size: 12pt;\">\u2665 99,6% de ingredientes naturales<\/span><\/strong><\/span><\/p>\n<p><span style=\"font-family: arial, helvetica, sans-serif;\"><strong><span style=\"font-size: 12pt;\">\u2665 Sin ingredientes de origen animal<\/span><\/strong><\/span><\/p>\n<h2>\u00bfC\u00f3mo me aplico el polvo capilar Ecobell en el pelo?<\/h2>\n<p><span style=\"font-family: arial, helvetica, sans-serif;\">- En primer lugar, lava, peina y seca el pelo. Desaconsejamos encarecidamente aplicar polvos densificadores sobre el cabello h\u00famedo, ya que el producto podr\u00eda no distribuirse correctamente. <\/span><\/p>\n<p><span style=\"font-family: arial, helvetica, sans-serif;\">- Basta con espolvorear el polvo sobre el cabello. El efecto densificador es inmediato. <\/span><\/p>\n<p><span style=\"font-family: arial, helvetica, sans-serif;\">- Para fijar el polvo densificador de forma permanente, te recomendamos que utilices K-Max o el Spray Fijador sin Gas Ecobell. El efecto puede durar varios d\u00edas; de hecho, hasta el siguiente champ\u00fa. <\/span><\/p>\n<table border=\"0\" cellspacing=\"0\">\n<tbody>\n<tr>\n<td><span style=\"font-family: arial, helvetica, sans-serif; font-size: 12pt;\"><img alt=\"\" decoding=\"async\" class=\" size-full wp-image-78551\" src=\"https:\/\/hairvisual.fr\/wp-content\/uploads\/2025\/05\/appliquer_01_170x164-.gif\" alt=\"\" width=\"170\" height=\"164\" \/><\/span><\/td>\n<td><span style=\"font-family: arial, helvetica, sans-serif; font-size: 12pt;\"><img alt=\"\" decoding=\"async\" class=\" size-full wp-image-78557\" src=\"https:\/\/hairvisual.fr\/wp-content\/uploads\/2025\/05\/appliquer_02_170x164-.gif\" alt=\"\" width=\"170\" height=\"164\" \/><\/span><\/td>\n<td><span style=\"font-family: arial, helvetica, sans-serif; font-size: 12pt;\"><img alt=\"\" decoding=\"async\" class=\" size-full wp-image-78563\" src=\"https:\/\/hairvisual.fr\/wp-content\/uploads\/2025\/05\/appliquer_03_170x164-.gif\" alt=\"\" width=\"170\" height=\"164\" \/><\/span><\/td>\n<\/tr>\n<tr>\n<td><span style=\"font-family: arial, helvetica, sans-serif; font-size: 12pt;\"> 1 - Agita suavemente el frasco<\/span><\/td>\n<td><span style=\"font-family: arial, helvetica, sans-serif; font-size: 12pt;\"> 2 - Da ligeros golpecitos en el cabello<\/span><\/td>\n<td><span style=\"font-family: arial, helvetica, sans-serif; font-size: 12pt;\"> 3 - Aplica Ecobell<\/span><\/td>\n<\/tr>\n<\/tbody>\n<\/table>\n<h2>Un bote rellenable de polvos para el pelo<\/h2>\n<p><span style=\"font-family: arial, helvetica, sans-serif;\">Una vez vac\u00eda la botella, puedes rellenarla pidiendo una bolsita de recarga que se vende por separado a un precio inferior.<\/span><\/p>\n<p><span style=\"font-family: arial, helvetica, sans-serif;\"><strong>\u00bfC\u00f3mo relleno una botella vac\u00eda de polvo densificador?<\/strong><\/span><\/p>\n<p><span style=\"font-family: arial, helvetica, sans-serif;\">- Retira el colador de la botella.<\/span><\/p>\n<p><span style=\"font-family: arial, helvetica, sans-serif;\">- Abre el sobre de recarga y vierte el polvo densificador del sobre de recarga en la botella.<\/span><\/p>\n<p><span style=\"font-family: arial, helvetica, sans-serif;\">- Vuelve a colocar el tamiz en la botella.<\/span><\/p>\n","protected":false},"excerpt":{"rendered":"<p>Nuestro Polvo Capilar Densificador Natural y Vegano enmascara eficazmente la ca\u00edda del cabello, disimula cicatrices, manchas, ra\u00edces y canas.<\/p>\n","protected":false},"featured_media":1103512,"comment_status":"open","ping_status":"closed","template":"","meta":{"_seopress_robots_primary_cat":"none","_seopress_titles_title":"","_seopress_titles_desc":"","_seopress_robots_index":""},"product_brand":[],"product_cat":[363],"product_tag":[378],"class_list":{"0":"post-1104353","1":"product","2":"type-product","3":"status-publish","4":"has-post-thumbnail","6":"product_cat-polvo-densificador","7":"product_tag-noticias","9":"first","10":"instock","11":"taxable","12":"shipping-taxable","13":"purchasable","14":"product-type-variable"},"_links":{"self":[{"href":"https:\/\/hairvisual.fr\/es\/wp-json\/wp\/v2\/product\/1104353","targetHints":{"allow":["GET"]}}],"collection":[{"href":"https:\/\/hairvisual.fr\/es\/wp-json\/wp\/v2\/product"}],"about":[{"href":"https:\/\/hairvisual.fr\/es\/wp-json\/wp\/v2\/types\/product"}],"replies":[{"embeddable":true,"href":"https:\/\/hairvisual.fr\/es\/wp-json\/wp\/v2\/comments?post=1104353"}],"wp:featuredmedia":[{"embeddable":true,"href":"https:\/\/hairvisual.fr\/es\/wp-json\/wp\/v2\/media\/1103512"}],"wp:attachment":[{"href":"https:\/\/hairvisual.fr\/es\/wp-json\/wp\/v2\/media?parent=1104353"}],"wp:term":[{"taxonomy":"product_brand","embeddable":true,"href":"https:\/\/hairvisual.fr\/es\/wp-json\/wp\/v2\/product_brand?post=1104353"},{"taxonomy":"product_cat","embeddable":true,"href":"https:\/\/hairvisual.fr\/es\/wp-json\/wp\/v2\/product_cat?post=1104353"},{"taxonomy":"product_tag","embeddable":true,"href":"https:\/\/hairvisual.fr\/es\/wp-json\/wp\/v2\/product_tag?post=1104353"}],"curies":[{"name":"wp","href":"https:\/\/api.w.org\/{rel}","templated":true}]}}