{"id":1104355,"date":"2025-07-24T08:12:42","date_gmt":"2025-07-24T08:12:42","guid":{"rendered":"https:\/\/hairvisual.fr\/produit\/volumiz-spray-densificante-y-colorante\/"},"modified":"2026-04-05T08:34:19","modified_gmt":"2026-04-05T08:34:19","slug":"volumiz-spray-densificante-y-colorante","status":"publish","type":"product","link":"https:\/\/hairvisual.fr\/es\/producto\/volumiz-spray-densificante-y-colorante\/","title":{"rendered":"VOLUMIZ - Spray densificante y colorante"},"content":{"rendered":"<p><span style=\"font-family: arial, helvetica, sans-serif; color: #ff0000;\">ATENCI\u00d3N: Los aerosoles no pueden enviarse fuera de Europa continental.<\/span><\/p>\n<h2>Spray colorante y densificante para el cabello<\/h2>\n<p><span style=\"font-size: 12pt;\"><strong><span style=\"color: #000000;\"><span style=\"font-family: Arial, sans-serif;\">A <\/span><\/span><\/strong><strong><span style=\"color: #000000;\"><span style=\"font-family: Arial, sans-serif;\">spray<\/span><\/span><\/strong><strong><span style=\"color: #000000;\"><span style=\"font-family: Arial, sans-serif;\"> innovador spray 2 en 1 para cabello coloreado que enmascara <a href=\"https:\/\/www.hairvisual.fr\/blog\/causes-et-solutions-pour-les-cheveux-clairsemes-chez-la-femme\/\">las zonas de cabello ralo<\/a> y da la impresi\u00f3n de volumen <\/span><\/span><\/strong><strong><span style=\"color: #000000;\"><span style=\"font-family: Arial, sans-serif;\">y densidad en segundos y cubre las ra\u00edces blancas y el pelo canoso, oculta la calvicie incipiente, \u00a1haciendo que parezcas y te sientas m\u00e1s joven al instante!<\/span><\/span><\/strong><\/span><\/p>\n<p><iframe title=\"VOLUMIZ - Spray magic retouche camouflage colorant calvitie et racines blanches pour homme et femme\" width=\"1220\" height=\"686\" src=\"https:\/\/www.youtube.com\/embed\/7_02UqGNBzU?feature=oembed\" frameborder=\"0\" allow=\"accelerometer; autoplay; clipboard-write; encrypted-media; gyroscope; picture-in-picture; web-share\" referrerpolicy=\"strict-origin-when-cross-origin\" allowfullscreen><\/iframe><\/p>\n<h3 class=\"western\" align=\"left\"><span style=\"color: #d7b474; font-family: arial, helvetica, sans-serif; font-size: 12pt;\"><b>Espesa en segundos&#8230;<\/b><\/span><\/h3>\n<h4 class=\"western\" align=\"left\"><span style=\"font-size: 12pt;\"><strong><span style=\"color: #333333; font-family: arial, helvetica, sans-serif;\">Incluso de cerca, con cualquier luz, \u00a1parecer\u00e1 que tienes el pelo denso! Este asombroso spray est\u00e1 compuesto por diminutas fibras que colorean ligeramente el cuero cabelludo y se adhieren a tu cabello fino para que parezca m\u00e1s grueso de lo que realmente es*. <\/span><\/strong><\/span><\/h4>\n<h3 align=\"left\"><span style=\"color: #d7b474; font-family: arial, helvetica, sans-serif; font-size: 12pt;\"><b>El spray proporciona una cobertura instant\u00e1nea de las ra\u00edces&#8230;<\/b><\/span><\/h3>\n<p align=\"left\"><span style=\"color: #333333; font-family: arial, helvetica, sans-serif; font-size: 12pt;\">Esta incre\u00edble laca para el pelo te\u00f1ido tambi\u00e9n es un eficaz spray de retoque de ra\u00edces para usar entre las citas en el sal\u00f3n o entre coloraciones. Cubre r\u00e1pidamente las ra\u00edces blancas y el pelo canoso en segundos para un resultado impecable hasta tu pr\u00f3ximo champ\u00fa. Este spray para las ra\u00edces iguala tu color gracias a sus ricos pigmentos, sin demarcaciones y con un tacto ligero que no apelmaza el cabello. <\/span><\/p>\n<h3 class=\"western\" align=\"left\"><span style=\"color: #d7b474; font-family: arial, helvetica, sans-serif; font-size: 12pt;\"><b>Varios colores disponibles&#8230;<\/b><\/span><\/h3>\n<p align=\"left\"><span style=\"font-size: 12pt;\"><span style=\"font-family: arial, helvetica, sans-serif;\"><span style=\"color: #333333;\"><b>VOLUMIZA<\/b><\/span> <span style=\"color: #333333;\">ofrece 4 colores de pelo: Negro (para pelo negro o casta\u00f1o oscuro), Casta\u00f1o Oscuro (para pelo casta\u00f1o oscuro o casta\u00f1o medio), Casta\u00f1o Claro (para pelo casta\u00f1o claro o rubio muy oscuro) y Rubio (para pelo rubio medio o rubio claro). <\/span><span style=\"color: #333333;\">Puedes utilizar <\/span><span style=\"color: #333333;\"><b>VOLUMIZ<\/b><\/span><span style=\"color: #333333;\"> tanto con un<\/span> <span style=\"color: #333333;\">un solo color<\/span><span style=\"color: #333333;\"> o <\/span><span style=\"color: #333333;\">combinaciones<\/span><span style=\"color: #333333;\"> de <\/span><span style=\"color: #333333;\">colores<\/span><span style=\"color: #333333;\"> a<\/span><span style=\"color: #333333;\">obtener <\/span><span style=\"color: #333333;\">l<\/span><span style=\"color: #333333;\">l perfecto<\/span><span style=\"color: #333333;\"> perfecto <\/span><span style=\"color: #333333;\">tu<\/span><span style=\"color: #333333;\"> propio<\/span><span style=\"color: #333333;\">s<\/span><span style=\"color: #333333;\"> el pelo. Incluso <\/span><span style=\"color: #333333;\">de cerca<\/span><span style=\"color: #333333;\">fibras <\/span><span style=\"color: #333333;\"><b>VOLUMIZA<\/b><\/span><span style=\"color: #333333;\"> las fibras ser\u00e1n <\/span><span style=\"color: #333333;\">ind<\/span><span style=\"color: #333333;\">indetectables y <\/span><span style=\"color: #333333;\">te dar\u00e1n la impresi\u00f3n de tener un cabello m\u00e1s denso, lleno de pelo nuevo.<\/span><span style=\"color: #333333;\">. <\/span><span style=\"color: #333333;\">Cada <\/span><span style=\"color: #333333;\">spray<\/span><span style=\"color: #333333;\"> 200 ml de spray duran aproximadamente 30 aplicaciones*.<\/span><\/span><\/span><\/p>\n<h3 align=\"left\"><span style=\"font-family: arial, helvetica, sans-serif; font-size: 12pt;\"><a name=\"tran0\"><\/a> <span style=\"color: #333333;\"><b><span style=\"color: #d7b474;\">Le <\/span><span style=\"color: #d7b474;\">M\u00e1s grande<\/span><span style=\"color: #d7b474;\"> Secreto&#8230;<\/span><br \/>\n<\/b><\/span><\/span><\/h3>\n<p align=\"left\"><span style=\"font-family: arial, helvetica, sans-serif; font-size: 12pt;\"><a name=\"tran11\"><\/a> <span style=\"color: #333333;\">\u00a1Por fin desvelado y disponible! Este revolucionario spray de maquillaje fue desarrollado originalmente y sigue siendo utilizado hoy en d\u00eda por actores y actrices de los estudios de Hollywood en EE.UU., donde ten\u00eda que cumplir rigurosos criterios de calidad y soportar duras condiciones en interiores y exteriores. Ten\u00eda que ser eficaz bajo el sol y la lluvia, el sudor y la humedad. En la actualidad, esta m\u00e1scara capilar es muy utilizada internacionalmente por actores y m\u00fasicos en los escenarios y, por supuesto, por el p\u00fablico en general. <b> <\/b><\/span><\/span><\/p>\n<h2 align=\"left\">\u00bfPara qui\u00e9n es el spray colorante Volumiz?<\/h2>\n<p align=\"left\"><span style=\"color: #333333; font-family: arial, helvetica, sans-serif; font-size: 12pt;\"><b>VOLUMIZ<\/b> ha sido dise\u00f1ado para ocultar la calvicie incipiente, la alopecia areata, la alopecia por tracci\u00f3n o difusa, la tricotiloman\u00eda o cualquier tipo de ca\u00edda o <a href=\"https:\/\/www.hairvisual.fr\/blog\/commen-cacher-un-trou-dans-les-cheveux\/\">hueco del cabello en<\/a> hombres y mujeres&#8230; <b>VOLUMIZ<\/b> tambi\u00e9n puede utilizarse simplemente como spray de color para cubrir las ra\u00edces grises. Debe haber suficiente pelo en el cuero cabelludo para que las microfibras se adhieran. En una zona sin pelo o con muy poco pelo, la m\u00e1scara en spray no funcionar\u00e1. <\/span><\/p>\n<p align=\"left\"><span style=\"color: #333333; font-family: arial, helvetica, sans-serif; font-size: 12pt;\"><b>VOLUMIZ<\/b> se fabrica en Francia.<\/span><\/p>\n<p align=\"left\"><span style=\"font-family: arial, helvetica, sans-serif; font-size: 12pt;\">Para m\u00e1s informaci\u00f3n: <a href=\"http:\/\/www.volumiz.com\/\">www.volumiz.com<\/a><\/span><\/p>\n<p align=\"left\"><span style=\"font-family: arial, helvetica, sans-serif; font-size: 12pt;\"><a name=\"tran1\"><\/a><\/span><span style=\"color: #333333;\"><span style=\"font-family: Arial, sans-serif;\"><span style=\"font-size: small;\"><span style=\"font-family: arial, helvetica, sans-serif; font-size: 12pt;\"><b><br \/>\n<\/b><span style=\"font-size: 10pt;\">*Los resultados pueden variar de una persona a otra seg\u00fan el tipo de ca\u00edda del cabello y otros factores*.<\/span><\/span><b> <\/b><\/span><\/span><\/span><\/p>\n","protected":false},"excerpt":{"rendered":"<p>El spray de color VOLUMIZ 2 en 1 oculta las ra\u00edces blancas y densifica el cabello debilitado - Para hombres y mujeres<\/p>\n","protected":false},"featured_media":1102834,"comment_status":"open","ping_status":"closed","template":"","meta":{"_seopress_robots_primary_cat":"none","_seopress_titles_title":"","_seopress_titles_desc":"","_seopress_robots_index":""},"product_brand":[],"product_cat":[373],"product_tag":[],"class_list":{"0":"post-1104355","1":"product","2":"type-product","3":"status-publish","4":"has-post-thumbnail","6":"product_cat-spray-para-el-pelo","8":"first","9":"instock","10":"taxable","11":"shipping-taxable","12":"purchasable","13":"product-type-variable"},"_links":{"self":[{"href":"https:\/\/hairvisual.fr\/es\/wp-json\/wp\/v2\/product\/1104355","targetHints":{"allow":["GET"]}}],"collection":[{"href":"https:\/\/hairvisual.fr\/es\/wp-json\/wp\/v2\/product"}],"about":[{"href":"https:\/\/hairvisual.fr\/es\/wp-json\/wp\/v2\/types\/product"}],"replies":[{"embeddable":true,"href":"https:\/\/hairvisual.fr\/es\/wp-json\/wp\/v2\/comments?post=1104355"}],"wp:featuredmedia":[{"embeddable":true,"href":"https:\/\/hairvisual.fr\/es\/wp-json\/wp\/v2\/media\/1102834"}],"wp:attachment":[{"href":"https:\/\/hairvisual.fr\/es\/wp-json\/wp\/v2\/media?parent=1104355"}],"wp:term":[{"taxonomy":"product_brand","embeddable":true,"href":"https:\/\/hairvisual.fr\/es\/wp-json\/wp\/v2\/product_brand?post=1104355"},{"taxonomy":"product_cat","embeddable":true,"href":"https:\/\/hairvisual.fr\/es\/wp-json\/wp\/v2\/product_cat?post=1104355"},{"taxonomy":"product_tag","embeddable":true,"href":"https:\/\/hairvisual.fr\/es\/wp-json\/wp\/v2\/product_tag?post=1104355"}],"curies":[{"name":"wp","href":"https:\/\/api.w.org\/{rel}","templated":true}]}}