{"id":1104360,"date":"2025-07-28T14:06:59","date_gmt":"2025-07-28T14:06:59","guid":{"rendered":"https:\/\/hairvisual.fr\/produit\/ecobell-polvo-densificador-en-spray-2\/"},"modified":"2026-04-05T08:34:11","modified_gmt":"2026-04-05T08:34:11","slug":"ecobell-polvo-densificador-en-spray-2","status":"publish","type":"product","link":"https:\/\/hairvisual.fr\/es\/producto\/ecobell-polvo-densificador-en-spray-2\/","title":{"rendered":"ECOBELL - Polvo Densificador en Spray"},"content":{"rendered":"<p><span style=\"font-family: georgia, palatino, serif;\">El Aplicador en Spray mejora dr\u00e1sticamente los resultados que consigues con <a href=\"https:\/\/www.hairvisual.fr\/boutique\/ecobell-poudre-densifiante-naturelle-sans-ingredients-dorigine-animale\/\">los polvos para el<\/a> cabello desde la primera aplicaci\u00f3n. Esta herramienta de precisi\u00f3n pulveriza las fibras capilares de forma m\u00e1s segura, uniforme y econ\u00f3mica. Con este sistema, incluso puedes conseguir un aspecto m\u00e1s voluminoso y natural, ya que las fibras se dispersan de forma m\u00e1s uniforme y precisa por todo el cabello. Y ahorras en polvos para el cabello, porque necesitas utilizar mucha menos cantidad que antes. <\/span><\/p>\n<p><span style=\"font-family: georgia, palatino, serif;\">\u00bfC\u00f3mo se utiliza el spray aplicador?<\/span><\/p>\n<ol>\n<li><span style=\"font-family: georgia, palatino, serif;\">Coge la botella de Ecobell o K-Max y desenrosca el tap\u00f3n. Retira el colador de la botella gir\u00e1ndolo suavemente y levant\u00e1ndolo. Enrosca el Aplicador en Spray en la botella. <\/span><\/li>\n<li><span style=\"font-family: georgia, palatino, serif;\">Al apretar la bola, las fibras de queratina se dispersar\u00e1n uniformemente por todo el cabello.<\/span><\/li>\n<li><span style=\"font-family: georgia, palatino, serif;\">Para espesar zonas concretas, introduce la boquilla en el pelo y pulveriza ligeramente.<\/span><\/li>\n<\/ol>\n<p><span style=\"font-family: georgia, palatino, serif;\">Nota: El spray aplicador se vende solo, sin el bote de polvos para el pelo. Este spray aplicador no es adecuado para el frasco Hair Plus.<\/span><\/p>\n<p><iframe title=\"Cheveux clairsem\u00e9s? Le KIT KERATINE HAIRVISUAL donne de la densit\u00e9 instantan\u00e9ment - Vu sur BFMTV\" width=\"1220\" height=\"686\" src=\"https:\/\/www.youtube.com\/embed\/jgx3_H980h8?feature=oembed\" frameborder=\"0\" allow=\"accelerometer; autoplay; clipboard-write; encrypted-media; gyroscope; picture-in-picture; web-share\" referrerpolicy=\"strict-origin-when-cross-origin\" allowfullscreen><\/iframe><\/p>\n","protected":false},"excerpt":{"rendered":"<p>El Aplicador en Spray pulveriza el Polvo Capilar Densificador Ecobell y facilita su aplicaci\u00f3n para engrosar el cabello.<\/p>\n","protected":false},"featured_media":1102646,"comment_status":"open","ping_status":"closed","template":"","meta":{"_seopress_robots_primary_cat":"none","_seopress_titles_title":"","_seopress_titles_desc":"","_seopress_robots_index":""},"product_brand":[],"product_cat":[354],"product_tag":[],"class_list":{"0":"post-1104360","1":"product","2":"type-product","3":"status-publish","4":"has-post-thumbnail","6":"product_cat-accesorios","8":"first","9":"instock","10":"taxable","11":"shipping-taxable","12":"purchasable","13":"product-type-simple"},"_links":{"self":[{"href":"https:\/\/hairvisual.fr\/es\/wp-json\/wp\/v2\/product\/1104360","targetHints":{"allow":["GET"]}}],"collection":[{"href":"https:\/\/hairvisual.fr\/es\/wp-json\/wp\/v2\/product"}],"about":[{"href":"https:\/\/hairvisual.fr\/es\/wp-json\/wp\/v2\/types\/product"}],"replies":[{"embeddable":true,"href":"https:\/\/hairvisual.fr\/es\/wp-json\/wp\/v2\/comments?post=1104360"}],"wp:featuredmedia":[{"embeddable":true,"href":"https:\/\/hairvisual.fr\/es\/wp-json\/wp\/v2\/media\/1102646"}],"wp:attachment":[{"href":"https:\/\/hairvisual.fr\/es\/wp-json\/wp\/v2\/media?parent=1104360"}],"wp:term":[{"taxonomy":"product_brand","embeddable":true,"href":"https:\/\/hairvisual.fr\/es\/wp-json\/wp\/v2\/product_brand?post=1104360"},{"taxonomy":"product_cat","embeddable":true,"href":"https:\/\/hairvisual.fr\/es\/wp-json\/wp\/v2\/product_cat?post=1104360"},{"taxonomy":"product_tag","embeddable":true,"href":"https:\/\/hairvisual.fr\/es\/wp-json\/wp\/v2\/product_tag?post=1104360"}],"curies":[{"name":"wp","href":"https:\/\/api.w.org\/{rel}","templated":true}]}}