{"id":1104362,"date":"2025-07-12T14:03:55","date_gmt":"2025-07-12T14:03:55","guid":{"rendered":"https:\/\/hairvisual.fr\/produit\/ecobell-esponja-de-aplicacion-profesional\/"},"modified":"2025-08-21T08:33:49","modified_gmt":"2025-08-21T08:33:49","slug":"ecobell-esponja-de-aplicacion-profesional","status":"publish","type":"product","link":"https:\/\/hairvisual.fr\/es\/producto\/ecobell-esponja-de-aplicacion-profesional\/","title":{"rendered":"ECOBELL - Esponja de aplicaci\u00f3n profesional"},"content":{"rendered":"<p><span style=\"font-family: arial, helvetica, sans-serif; font-size: 12pt;\">La esponja de maquillaje triangular Ecobell ha sido dise\u00f1ada para una aplicaci\u00f3n uniforme del maquillaje. Suave y flexible, esta esponja es de larga duraci\u00f3n. Se puede utilizar h\u00fameda o seca y se puede limpiar frecuentemente con agua o jab\u00f3n neutro. <\/span><\/p>\n<p><span style=\"font-family: arial, helvetica, sans-serif; font-size: 12pt;\">Dimensiones: 60 x 50 x 30 mm<\/span><\/p>\n","protected":false},"excerpt":{"rendered":"<p>Ecobell Esponja de maquillaje profesional triangular dise\u00f1ada para una aplicaci\u00f3n uniforme del maquillaje. Suave y flexible, esta esponja es de larga duraci\u00f3n.<\/p>\n","protected":false},"featured_media":1102640,"comment_status":"open","ping_status":"closed","template":"","meta":{"_seopress_robots_primary_cat":"none","_seopress_titles_title":"","_seopress_titles_desc":"","_seopress_robots_index":""},"product_brand":[],"product_cat":[354],"product_tag":[],"class_list":{"0":"post-1104362","1":"product","2":"type-product","3":"status-publish","4":"has-post-thumbnail","6":"product_cat-accesorios","8":"first","9":"instock","10":"taxable","11":"shipping-taxable","12":"purchasable","13":"product-type-simple"},"_links":{"self":[{"href":"https:\/\/hairvisual.fr\/es\/wp-json\/wp\/v2\/product\/1104362","targetHints":{"allow":["GET"]}}],"collection":[{"href":"https:\/\/hairvisual.fr\/es\/wp-json\/wp\/v2\/product"}],"about":[{"href":"https:\/\/hairvisual.fr\/es\/wp-json\/wp\/v2\/types\/product"}],"replies":[{"embeddable":true,"href":"https:\/\/hairvisual.fr\/es\/wp-json\/wp\/v2\/comments?post=1104362"}],"wp:featuredmedia":[{"embeddable":true,"href":"https:\/\/hairvisual.fr\/es\/wp-json\/wp\/v2\/media\/1102640"}],"wp:attachment":[{"href":"https:\/\/hairvisual.fr\/es\/wp-json\/wp\/v2\/media?parent=1104362"}],"wp:term":[{"taxonomy":"product_brand","embeddable":true,"href":"https:\/\/hairvisual.fr\/es\/wp-json\/wp\/v2\/product_brand?post=1104362"},{"taxonomy":"product_cat","embeddable":true,"href":"https:\/\/hairvisual.fr\/es\/wp-json\/wp\/v2\/product_cat?post=1104362"},{"taxonomy":"product_tag","embeddable":true,"href":"https:\/\/hairvisual.fr\/es\/wp-json\/wp\/v2\/product_tag?post=1104362"}],"curies":[{"name":"wp","href":"https:\/\/api.w.org\/{rel}","templated":true}]}}